{"id":207,"date":"2026-01-08T08:29:54","date_gmt":"2026-01-08T08:29:54","guid":{"rendered":"https:\/\/daaowoodlndustry.com\/?post_type=product&#038;p=207"},"modified":"2026-01-23T08:54:57","modified_gmt":"2026-01-23T08:54:57","slug":"melamine-faced-plywood","status":"publish","type":"product","link":"https:\/\/daaowoodlndustry.com\/pt\/product\/melamine-faced-plywood\/","title":{"rendered":"Compensado revestido com melamina"},"content":{"rendered":"<div style=\"overflow-x: auto; width: 100%;\">\n<h2 data-start=\"130\" data-end=\"206\"><a href=\"https:\/\/daaowoodlndustry.com\/pt\/product\/melamine-faced-plywood%ef%bc%88mfp%ef%bc%89\/\">Compensado revestido com melamina<\/a> Pain\u00e9is Decorativos Premium para Interiores de Alta Extremidade<\/h2>\n<p data-start=\"208\" data-end=\"554\">Nosso <strong data-start=\"212\" data-end=\"238\">Compensado revestido com melamina<\/strong> os pain\u00e9is s\u00e3o produzidos pela liga\u00e7\u00e3o de papel de melamina premium em madeira compensada multicamadas sob alto calor e press\u00e3o Este processo de fabrica\u00e7\u00e3o avan\u00e7ado garante que a camada de melamina seja firmemente fundida com o n\u00facleo de madeira compensada, resultando em um painel dur\u00e1vel e de alto desempenho com qualidade de superf\u00edcie consistente e estabilidade a longo prazo.<\/p>\n<h3 data-start=\"556\" data-end=\"614\">Fornecimento direto de f\u00e1brica para entrega est\u00e1vel e confi\u00e1vel<\/h3>\n<p data-start=\"616\" data-end=\"982\">Como um fabricante direto da f\u00e1brica, controlamos todo o processo de produ\u00e7\u00e3o, desde a sele\u00e7\u00e3o da mat\u00e9ria-prima at\u00e9 a inspe\u00e7\u00e3o do painel acabado. Isso nos permite fornecer qualidade consistente do produto, espessura est\u00e1vel e fornecimento confi\u00e1vel para pedidos de longo prazo. Se voc\u00ea precisa de pequenos lotes ou remessas em grande escala, podemos apoiar o planejamento do seu projeto e o gerenciamento de estoque.<\/p>\n<h3 data-start=\"984\" data-end=\"1034\">N\u00facleo de alta resist\u00eancia com acabamento superficial elegante<\/h3>\n<p data-start=\"1036\" data-end=\"1316\">Ao combinar a resist\u00eancia estrutural e a estabilidade do compensado com a superf\u00edcie resistente a riscos e f\u00e1cil de limpar da melamina, nossos pain\u00e9is de compensado de melamina oferecem desempenho e est\u00e9tica. O resultado \u00e9 um painel decorativo que resiste ao desgaste di\u00e1rio e mant\u00e9m seu visual premium ao longo do tempo.<\/p>\n<h3 data-start=\"1318\" data-end=\"1364\">Centenas de op\u00e7\u00f5es de design para qualquer projeto<\/h3>\n<p data-start=\"1366\" data-end=\"1664\">Com centenas de padr\u00f5es dispon\u00edveis, incluindo gr\u00e3os de madeira realistas, texturas de pedra e op\u00e7\u00f5es de cores modernas, nosso <strong data-start=\"1482\" data-end=\"1508\">Compensado revestido com melamina<\/strong> \u00e9 perfeito para designers e fabricantes que exigem estilos diversos Estes pain\u00e9is ajudam a criar interiores sofisticados sem comprometer a durabilidade.<\/p>\n<h3 data-start=\"1666\" data-end=\"1733\">Ideal para m\u00f3veis, acess\u00f3rios comerciais e projetos de interiores<\/h3>\n<p data-start=\"1735\" data-end=\"2023\">Este produto \u00e9 especialmente adequado para fabrica\u00e7\u00e3o de m\u00f3veis de ponta, acess\u00f3rios comerciais, arm\u00e1rios e aplica\u00e7\u00f5es internas dur\u00e1veis Sua superf\u00edcie imperme\u00e1vel e resistente \u00e0 corros\u00e3o o torna ideal para ambientes onde limpeza, higiene e desempenho a longo prazo s\u00e3o essenciais.<\/p>\n<h3 data-start=\"2025\" data-end=\"2077\">Op\u00e7\u00f5es de personaliza\u00e7\u00e3o para atender \u00e0s necessidades do seu mercado<\/h3>\n<p data-start=\"2079\" data-end=\"2326\">Oferecemos personaliza\u00e7\u00e3o flex\u00edvel para tamanho, espessura, acabamento superficial e padr\u00f5es decorativos. Os parceiros permitem adaptar os produtos \u00e0s prefer\u00eancias do mercado local e aos requisitos espec\u00edficos do projeto. Ajudando voc\u00ea a se destacar em mercados competitivos.<\/p>\n<p data-start=\"2333\" data-end=\"2666\"><strong data-start=\"2333\" data-end=\"2356\">Informa\u00e7\u00f5es do produto<\/strong><\/p>\n<table style=\"width: 100%; border-collapse: collapse;\">\n<tbody>\n<tr style=\"height: 32.00pt;\">\n<td class=\"et2\" style=\"height: 32.00pt; width: 538.65pt; border-right: .5pt solid #000000;\" colspan=\"4\" width=\"1256\" height=\"74\">Compensado revestido com melamina<\/td>\n<\/tr>\n<tr style=\"height: 32.00pt;\">\n<td class=\"et5\" style=\"height: 32.00pt;\" height=\"74\">Uso<\/td>\n<td class=\"et5\">Interior<\/td>\n<td class=\"et5\">Nome da marca<\/td>\n<td class=\"et5\">DA AO<\/td>\n<\/tr>\n<tr style=\"height: 32.00pt;\">\n<td class=\"et6\" style=\"height: 32.00pt;\" height=\"74\">Local de origem<\/td>\n<td class=\"et6\">Shandong, China<\/td>\n<td class=\"et6\">ra\u00e7a<\/td>\n<td class=\"et6\">madeira maci\u00e7a<\/td>\n<\/tr>\n<tr style=\"height: 32.00pt;\">\n<td class=\"et5\" style=\"height: 32.00pt;\" height=\"74\">caracter\u00edstica<\/td>\n<td class=\"et7\" style=\"width: 192.85pt;\" width=\"449\">Imperme\u00e1vel, resistente \u00e0 corros\u00e3o, e a favor do meio ambiente.<\/td>\n<td class=\"et7\" style=\"width: 87.85pt;\" width=\"204\">Tratamento de superf\u00edcie de camada \u00fanica<\/td>\n<td class=\"et5\">Decora\u00e7\u00e3o frente e verso<\/td>\n<\/tr>\n<tr style=\"height: 32.00pt;\">\n<td class=\"et8\" style=\"height: 32.00pt; width: 104.10pt;\" width=\"242\" height=\"74\">MOQ<\/td>\n<td class=\"et6\">1*20GP<\/td>\n<td class=\"et6\">Tamanho<\/td>\n<td class=\"et6\">1220 mm * 2440 mm<\/td>\n<\/tr>\n<tr style=\"height: 32.00pt;\">\n<td class=\"et5\" style=\"height: 32.00pt;\" height=\"74\">Cor<\/td>\n<td class=\"et5\">Personaliz\u00e1vel<\/td>\n<td class=\"et5\">Grossura<\/td>\n<td class=\"et5\">15mm-25mm<\/td>\n<\/tr>\n<\/tbody>\n<\/table>\n<\/div>","protected":false},"excerpt":{"rendered":"<p>Nossos pain\u00e9is de madeira compensada de melamina s\u00e3o criados pela liga\u00e7\u00e3o de papel de melamina premium \u00e0 madeira compensada multicamadas sob calor e press\u00e3o extremos.<\/p>\n<p>Esta tecnologia avan\u00e7ada funde a lend\u00e1ria for\u00e7a e estabilidade do contraplacado com a superf\u00edcie de melamina resistente a riscos e f\u00e1cil de limpar, oferecendo centenas de designs elegantes, incluindo gr\u00e3os de madeira realistas e padr\u00f5es de pedra.<\/p>\n<p>\u00c9 a escolha definitiva para m\u00f3veis de alta qualidade, acess\u00f3rios comerciais e projetos de interiores dur\u00e1veis que exigem beleza e desempenho duradouro.<\/p>","protected":false},"featured_media":208,"comment_status":"open","ping_status":"closed","template":"","meta":[],"product_brand":[],"product_cat":[26],"product_tag":[],"class_list":{"0":"post-207","1":"product","2":"type-product","3":"status-publish","4":"has-post-thumbnail","6":"product_cat-plywood","8":"first","9":"instock","10":"shipping-taxable","11":"product-type-simple"},"_links":{"self":[{"href":"https:\/\/daaowoodlndustry.com\/pt\/wp-json\/wp\/v2\/product\/207","targetHints":{"allow":["GET"]}}],"collection":[{"href":"https:\/\/daaowoodlndustry.com\/pt\/wp-json\/wp\/v2\/product"}],"about":[{"href":"https:\/\/daaowoodlndustry.com\/pt\/wp-json\/wp\/v2\/types\/product"}],"replies":[{"embeddable":true,"href":"https:\/\/daaowoodlndustry.com\/pt\/wp-json\/wp\/v2\/comments?post=207"}],"wp:featuredmedia":[{"embeddable":true,"href":"https:\/\/daaowoodlndustry.com\/pt\/wp-json\/wp\/v2\/media\/208"}],"wp:attachment":[{"href":"https:\/\/daaowoodlndustry.com\/pt\/wp-json\/wp\/v2\/media?parent=207"}],"wp:term":[{"taxonomy":"product_brand","embeddable":true,"href":"https:\/\/daaowoodlndustry.com\/pt\/wp-json\/wp\/v2\/product_brand?post=207"},{"taxonomy":"product_cat","embeddable":true,"href":"https:\/\/daaowoodlndustry.com\/pt\/wp-json\/wp\/v2\/product_cat?post=207"},{"taxonomy":"product_tag","embeddable":true,"href":"https:\/\/daaowoodlndustry.com\/pt\/wp-json\/wp\/v2\/product_tag?post=207"}],"curies":[{"name":"wp","href":"https:\/\/api.w.org\/{rel}","templated":true}]}}