{"id":202,"date":"2026-01-08T08:24:47","date_gmt":"2026-01-08T08:24:47","guid":{"rendered":"https:\/\/daaowoodlndustry.com\/?post_type=product&#038;p=202"},"modified":"2026-01-23T06:37:32","modified_gmt":"2026-01-23T06:37:32","slug":"solid-wood-panel-door","status":"publish","type":"product","link":"https:\/\/daaowoodlndustry.com\/pt\/product\/solid-wood-panel-door\/","title":{"rendered":"Porta de painel de madeira maci\u00e7a"},"content":{"rendered":"<div style=\"overflow-x: auto; width: 100%;\">\n<h2 data-start=\"180\" data-end=\"531\"><a href=\"https:\/\/daaowoodlndustry.com\/pt\/product\/solid-wood-door-panel\/\">Porta de painel de madeira maci\u00e7a<\/a> Pain\u00e9is de portas de madeira maci\u00e7a Premium<\/h2>\n<p data-start=\"180\" data-end=\"531\">Nossas portas de painel de madeira maci\u00e7a s\u00e3o trabalhadas a partir de madeira nobre premium usando t\u00e9cnicas de fabrica\u00e7\u00e3o de \u00faltima gera\u00e7\u00e3o para garantir beleza natural e durabilidade duradoura Cada painel \u00e9 cuidadosamente selecionado e processado para preservar a textura natural, gr\u00e3o e consist\u00eancia de cor da madeira, proporcionando uma apar\u00eancia refinada e high-end para aplica\u00e7\u00f5es de portas interiores.<\/p>\n<h3 data-start=\"533\" data-end=\"582\">Neg\u00f3cio principal: Fornecimento de pain\u00e9is de madeira de alta qualidade<\/h3>\n<p data-start=\"584\" data-end=\"1034\">N\u00f3s nos concentramos em fornecer pain\u00e9is de madeira maci\u00e7a premium como nosso principal produto, servindo fabricantes de portas, fabricantes de m\u00f3veis e designers de interiores Nossas portas de painel de madeira maci\u00e7a s\u00e3o projetadas para resistir a empenamento e rachaduras durante o uso interno a longo prazo, garantindo desempenho est\u00e1vel em resid\u00eancias, hot\u00e9is, escrit\u00f3rios e projetos comerciais Os pain\u00e9is mant\u00eam espessura e estrutura consistentes, tornando-os ideais para montagem de portas e processamento secund\u00e1rio.<\/p>\n<h3 data-start=\"1036\" data-end=\"1080\">Op\u00e7\u00f5es flex\u00edveis para diferentes tipos de portas<\/h3>\n<p data-start=\"1082\" data-end=\"1426\">Se voc\u00ea prefere as portas de madeira totalmente s\u00f3lida ou a praticidade de portas compostas de madeira projetada, nossas portas de painel de madeira maci\u00e7a oferecem solu\u00e7\u00f5es flex\u00edveis para cada necessidade quartos para banheiros para grandes entradas Com cores personaliz\u00e1veis e acabamentos de superf\u00edcie, estes pain\u00e9is podem combinar uma ampla gama de estilos de design e temas interiores.<\/p>\n<h3 data-start=\"1428\" data-end=\"1465\">Portas de madeira maci\u00e7a com acabamento opcional<\/h3>\n<p data-start=\"1467\" data-end=\"1827\">Enquanto nosso principal neg\u00f3cio \u00e9 a venda de pain\u00e9is de madeira de alta qualidade, tamb\u00e9m apoiamos os clientes que precisam de portas de madeira maci\u00e7a acabadas Se necess\u00e1rio, podemos fornecer portas de madeira maci\u00e7a prontas para instalar para atender aos cronogramas do projeto e simplificar a aquisi\u00e7\u00e3o Essa abordagem flex\u00edvel ajuda os parceiros a escolher a melhor solu\u00e7\u00e3o com base em sua capacidade de produ\u00e7\u00e3o e requisitos do projeto.<\/p>\n<h3 data-start=\"1829\" data-end=\"1886\">Isolamento ac\u00fastico, seguran\u00e7a e materiais ecol\u00f3gicos<\/h3>\n<p data-start=\"1888\" data-end=\"2247\">Todas as nossas portas de painel de madeira maci\u00e7a apresentam excelente isolamento ac\u00fastico, seguran\u00e7a aprimorada e materiais ecol\u00f3gicos que atendem aos padr\u00f5es internacionais de qualidade Isso as torna ideais para criar ambientes internos silenciosos, confort\u00e1veis e seguros Com especifica\u00e7\u00f5es consistentes e estrutura est\u00e1vel, nossos pain\u00e9is oferecem desempenho confi\u00e1vel durante todo o uso a longo prazo.<\/p>\n<h3 data-start=\"2334\" data-end=\"2357\">Informa\u00e7\u00f5es do produto<\/h3>\n<table style=\"width: 100%; border-collapse: collapse;\">\n<tbody>\n<tr style=\"height: 34.00pt;\">\n<td class=\"et2\" style=\"height: 34.00pt; width: 538.65pt;\" colspan=\"4\" width=\"1256\" height=\"79\">Painel de porta de madeira maci\u00e7a<\/td>\n<\/tr>\n<tr style=\"height: 33.00pt;\">\n<td class=\"et3\" style=\"height: 33.00pt;\" height=\"77\">Uso<\/td>\n<td class=\"et3\">Interior<\/td>\n<td class=\"et3\">Nome da marca<\/td>\n<td class=\"et3\">DA AO<\/td>\n<\/tr>\n<tr style=\"height: 33.00pt;\">\n<td class=\"et4\" style=\"height: 33.00pt;\" height=\"77\">Local de origem<\/td>\n<td class=\"et4\">Shandong, China<\/td>\n<td class=\"et4\">ra\u00e7a<\/td>\n<td class=\"et4\">madeira maci\u00e7a<\/td>\n<\/tr>\n<tr style=\"height: 33.00pt;\">\n<td class=\"et3\" style=\"height: 33.00pt;\" height=\"77\">caracter\u00edstica<\/td>\n<td class=\"et3\">Isola\u00e7\u00e3o sonora<\/td>\n<td class=\"et3\">modelo<\/td>\n<td class=\"et3\">Portas Prim\u00e1rias<\/td>\n<\/tr>\n<tr style=\"height: 33.00pt;\">\n<td class=\"et4\" style=\"height: 33.00pt;\" height=\"77\">Materiais principais<\/td>\n<td class=\"et4\">folheado madeira maci\u00e7a<\/td>\n<td class=\"et4\">Cor<\/td>\n<td class=\"et4\">Personaliz\u00e1vel<\/td>\n<\/tr>\n<\/tbody>\n<\/table>\n<\/div>","protected":false},"excerpt":{"rendered":"<p data-start=\"75\" data-end=\"388\">Nossas portas de madeira maci\u00e7a s\u00e3o feitas de madeira nobre premium e processadas usando tecnologia avan\u00e7ada de fabrica\u00e7\u00e3o, garantindo beleza natural de gr\u00e3os e durabilidade duradoura Cada painel de porta \u00e9 cuidadosamente selecionado e trabalhado para manter textura e cor consistentes, proporcionando um acabamento high-end para aplica\u00e7\u00f5es interiores.<\/p>\n<p data-start=\"390\" data-end=\"712\">Se voc\u00ea precisa de portas de madeira maci\u00e7a ou portas compostas de madeira projetadas econ\u00f4micas, oferecemos op\u00e7\u00f5es flex\u00edveis para combinar quaisquer projetos, desde quartos e banheiros at\u00e9 grandes entradas. Nossa linha de produtos suporta fornecimento de pain\u00e9is e portas acabadas, permitindo que voc\u00ea escolha com base em suas necessidades de produ\u00e7\u00e3o.<\/p>\n<p data-start=\"714\" data-end=\"969\">Todos os nossos pain\u00e9is de porta e portas acabadas proporcionam excelente isolamento ac\u00fastico, seguran\u00e7a aprimorada e materiais ecol\u00f3gicos que atendem aos padr\u00f5es internacionais de qualidade. Isso os torna ideais para criar ambientes internos silenciosos, confort\u00e1veis e seguros.<\/p>","protected":false},"featured_media":205,"comment_status":"open","ping_status":"closed","template":"","meta":[],"product_brand":[],"product_cat":[27],"product_tag":[],"class_list":{"0":"post-202","1":"product","2":"type-product","3":"status-publish","4":"has-post-thumbnail","6":"product_cat-solid-wood-board","8":"first","9":"instock","10":"shipping-taxable","11":"product-type-simple"},"_links":{"self":[{"href":"https:\/\/daaowoodlndustry.com\/pt\/wp-json\/wp\/v2\/product\/202","targetHints":{"allow":["GET"]}}],"collection":[{"href":"https:\/\/daaowoodlndustry.com\/pt\/wp-json\/wp\/v2\/product"}],"about":[{"href":"https:\/\/daaowoodlndustry.com\/pt\/wp-json\/wp\/v2\/types\/product"}],"replies":[{"embeddable":true,"href":"https:\/\/daaowoodlndustry.com\/pt\/wp-json\/wp\/v2\/comments?post=202"}],"wp:featuredmedia":[{"embeddable":true,"href":"https:\/\/daaowoodlndustry.com\/pt\/wp-json\/wp\/v2\/media\/205"}],"wp:attachment":[{"href":"https:\/\/daaowoodlndustry.com\/pt\/wp-json\/wp\/v2\/media?parent=202"}],"wp:term":[{"taxonomy":"product_brand","embeddable":true,"href":"https:\/\/daaowoodlndustry.com\/pt\/wp-json\/wp\/v2\/product_brand?post=202"},{"taxonomy":"product_cat","embeddable":true,"href":"https:\/\/daaowoodlndustry.com\/pt\/wp-json\/wp\/v2\/product_cat?post=202"},{"taxonomy":"product_tag","embeddable":true,"href":"https:\/\/daaowoodlndustry.com\/pt\/wp-json\/wp\/v2\/product_tag?post=202"}],"curies":[{"name":"wp","href":"https:\/\/api.w.org\/{rel}","templated":true}]}}