{"id":197,"date":"2026-01-08T08:17:04","date_gmt":"2026-01-08T08:17:04","guid":{"rendered":"https:\/\/daaowoodlndustry.com\/?post_type=product&#038;p=197"},"modified":"2026-01-23T06:23:08","modified_gmt":"2026-01-23T06:23:08","slug":"melamine-faced-particleboard","status":"publish","type":"product","link":"https:\/\/daaowoodlndustry.com\/pt\/product\/melamine-faced-particleboard\/","title":{"rendered":"Painel de part\u00edculas revestido com melamina"},"content":{"rendered":"<div style=\"overflow-x: auto; width: 100%;\">\n<h2 data-start=\"112\" data-end=\"188\"><a href=\"https:\/\/daaowoodlndustry.com\/pt\/product\/melamine-faced-particle-board\/\">Painel de part\u00edculas revestido com melamina<\/a> \u00c2mbito de Part\u00edculas Dur\u00e1veis para Interiores Modernos<\/h2>\n<p data-start=\"190\" data-end=\"624\">Nossos pain\u00e9is de part\u00edculas de melamina s\u00e3o criados pela liga\u00e7\u00e3o de papel de melamina premium a aglomerado de alta densidade sob calor e press\u00e3o extremos Este m\u00e9todo de produ\u00e7\u00e3o garante um painel forte e est\u00e1vel com uma superf\u00edcie lisa que est\u00e1 pronta para uso imediato em aplica\u00e7\u00f5es de m\u00f3veis e interiores Como uma escolha confi\u00e1vel em produtos de aglomerado, nossos pain\u00e9is revestidos de melamina fornecem espessura consistente e desempenho de superf\u00edcie em grandes lotes.<\/p>\n<h3 data-start=\"626\" data-end=\"673\">Look em Madeira Natural com Desempenho Superior<\/h3>\n<p data-start=\"675\" data-end=\"1172\">Este processo de fabrica\u00e7\u00e3o avan\u00e7ado oferece a apar\u00eancia natural da madeira, ao mesmo tempo que oferece resist\u00eancia superior a arranh\u00f5es, manchas e umidade que dura d\u00e9cadas. Em compara\u00e7\u00e3o com o aglomerado comum, os pain\u00e9is de part\u00edculas revestidos de melamina proporcionam maior durabilidade e manuten\u00e7\u00e3o mais f\u00e1cil, tornando-os ideais para ambientes internos de alto tr\u00e1fego. Seu acabamento superficial est\u00e1vel tamb\u00e9m suporta processamento secund\u00e1rio, como corte, faixas de borda e perfura\u00e7\u00e3o, o que ajuda os fabricantes a melhorar a efici\u00eancia da produ\u00e7\u00e3o.<\/p>\n<h3 data-start=\"1174\" data-end=\"1211\">Ampla gama de cores e padr\u00f5es<\/h3>\n<p data-start=\"1213\" data-end=\"1706\">Com mais de 500 cores e padr\u00f5es para escolher, nossos pain\u00e9is de aglomerado permitem que designers e fabricantes combinem diversos estilos e tend\u00eancias Se voc\u00ea precisa de um gr\u00e3o de madeira cl\u00e1ssico, cor s\u00f3lida moderna ou textura decorativa, nosso aglomerado revestido de melamina oferece op\u00e7\u00f5es vers\u00e1teis para arm\u00e1rios, guarda-roupas, m\u00f3veis e decora\u00e7\u00e3o de interiores A ampla paleta de cores tamb\u00e9m suporta projetos de personaliza\u00e7\u00e3o de toda a casa, permitindo uma coordena\u00e7\u00e3o consistente de cores em diferentes linhas de produtos.<\/p>\n<h3 data-start=\"1708\" data-end=\"1761\">Solu\u00e7\u00e3o econ\u00f4mica para projetos contempor\u00e2neos<\/h3>\n<p data-start=\"1763\" data-end=\"2253\">Como uma escolha pr\u00e1tica e acess\u00edvel, o aglomerado revestido de melamina \u00e9 amplamente utilizado em m\u00f3veis contempor\u00e2neos, arm\u00e1rios e projetos de interiores Seu desempenho est\u00e1vel, espessura consistente e superf\u00edcie lisa o tornam adequado para produ\u00e7\u00e3o em massa e pedidos de grande volume, ajudando os parceiros a otimizar custos e melhorar a efici\u00eancia do projeto Al\u00e9m disso, a superf\u00edcie f\u00e1cil de limpar reduz os esfor\u00e7os de manuten\u00e7\u00e3o, tornando-o um material preferido para resid\u00eancias familiares, escrit\u00f3rios, hot\u00e9is e espa\u00e7os comerciais.<\/p>\n<h3 data-start=\"2255\" data-end=\"2294\">Fornecimento confi\u00e1vel e suporte a parceiros<\/h3>\n<p data-start=\"2296\" data-end=\"2700\">Nosso sistema de produ\u00e7\u00e3o padronizado e modelo de fornecimento direto \u00e0 f\u00e1brica garantem uma produ\u00e7\u00e3o est\u00e1vel e uma qualidade consistente do produto Isso permite que os parceiros planejem o estoque e os cronogramas de projetos com confian\u00e7a, especialmente para coopera\u00e7\u00e3o de longo prazo Com foco no desempenho est\u00e1vel e na entrega confi\u00e1vel, nossos produtos de aglomerado s\u00e3o projetados para atender \u00e0s necessidades dos mercados globais e diversos cen\u00e1rios de aplica\u00e7\u00e3o.<\/p>\n<h3 data-start=\"2707\" data-end=\"2730\">Informa\u00e7\u00f5es do produto<\/h3>\n<table style=\"width: 100%; border-collapse: collapse;\">\n<tbody>\n<tr style=\"height: 32.00pt;\">\n<td class=\"et2\" style=\"height: 32.00pt; width: 538.65pt; border-right: .5pt solid #000000;\" colspan=\"4\" width=\"1256\" height=\"74\">Placa de part\u00edculas com face de melamina<\/td>\n<\/tr>\n<tr style=\"height: 33.00pt;\">\n<td class=\"et5\" style=\"height: 33.00pt;\" height=\"77\">Uso<\/td>\n<td class=\"et5\">Interior<\/td>\n<td class=\"et5\">Nome da marca<\/td>\n<td class=\"et5\">DA AO<\/td>\n<\/tr>\n<tr style=\"height: 33.00pt;\">\n<td class=\"et6\" style=\"height: 33.00pt;\" height=\"77\">Local de origem<\/td>\n<td class=\"et6\">Shandong, China<\/td>\n<td class=\"et6\">Tamanho<\/td>\n<td class=\"et6\">1220 mm * 2440 mm<\/td>\n<\/tr>\n<tr style=\"height: 33.00pt;\">\n<td class=\"et5\" style=\"height: 33.00pt;\" height=\"77\">Superf\u00edcie<\/td>\n<td class=\"et8\" style=\"width: 192.85pt;\" width=\"449\">revestido de melamina, revestido de papel melam\u00ednico<\/td>\n<td class=\"et5\">Recurso<\/td>\n<td class=\"et8\" style=\"width: 153.85pt;\" width=\"358\">Superf\u00edcie lisa \u00e0 prova de umidade, n\u00e3o facilmente danificada<\/td>\n<\/tr>\n<tr style=\"height: 33.00pt;\">\n<td class=\"et9\" style=\"height: 33.00pt; width: 104.10pt;\" width=\"242\" height=\"77\">MOQ<\/td>\n<td class=\"et6\">1*20GP<\/td>\n<td class=\"et6\">Grossura<\/td>\n<td class=\"et6\">15mm-25mm<\/td>\n<\/tr>\n<\/tbody>\n<\/table>\n<\/div>","protected":false},"excerpt":{"rendered":"<div class=\"flex flex-col text-sm pb-25\">\n<article class=\"text-token-text-primary w-full focus:outline-none [--shadow-height:45px] has-data-writing-block:pointer-events-none has-data-writing-block:-mt-(--shadow-height) has-data-writing-block:pt-(--shadow-height) [&amp;:has([data-writing-block])&gt;*]:pointer-events-auto scroll-mt-[calc(var(--header-height)+min(200px,max(70px,20svh)))]\" dir=\"auto\" tabindex=\"-1\" data-turn-id=\"request-6971d520-4eb4-832e-8d70-848a7f8d79cb-72\" data-testid=\"conversation-turn-62\" data-scroll-anchor=\"true\" data-turn=\"assistant\">\n<div class=\"text-base my-auto mx-auto pb-10 [--thread-content-margin:--spacing(4)] @w-sm\/main:[--thread-content-margin:--spacing(6)] @w-lg\/main:[--thread-content-margin:--spacing(16)] px-(--thread-content-margin)\">\n<div class=\"[--thread-content-max-width:40rem] @w-lg\/main:[--thread-content-max-width:48rem] mx-auto max-w-(--thread-content-max-width) flex-1 group\/turn-messages focus-visible:outline-hidden relative flex w-full min-w-0 flex-col agent-turn\" tabindex=\"-1\">\n<div class=\"flex max-w-full flex-col grow\">\n<div class=\"min-h-8 text-message relative flex w-full flex-col items-end gap-2 text-start break-words whitespace-normal [.text-message+&amp;]:mt-1\" dir=\"auto\" data-message-author-role=\"assistant\" data-message-id=\"b2047ca8-9fb2-4935-bc0c-1a09d29be1db\" data-message-model-slug=\"gpt-5-mini\">\n<div class=\"flex w-full flex-col gap-1 empty:hidden first:pt-[1px]\">\n<div class=\"markdown prose dark:prose-invert w-full wrap-break-word light markdown-new-styling\">\n<p data-start=\"47\" data-end=\"312\">Our melamine particleboards are produced by bonding premium melamine paper to high-density particleboard under extreme heat and pressure. This advanced process creates a durable, smooth surface that is ready for immediate use in furniture and interior applications.<\/p>\n<p data-start=\"314\" data-end=\"596\">The result is a natural wood look combined with superior scratch, stain, and moisture resistance that lasts for years. Compared to ordinary particleboard, melamine faced panels provide better durability and easier maintenance, making them ideal for high-traffic indoor environments.<\/p>\n<p data-start=\"598\" data-end=\"907\" data-is-last-node=\"\" data-is-only-node=\"\">With over 500 colors and patterns available, our melamine particleboards are the ideal choice for contemporary furniture, cabinetry, and interior projects. They offer a cost-effective solution without compromising on style or performance, making them suitable for both residential and commercial applications.<\/p>\n<\/div>\n<\/div>\n<\/div>\n<\/div>\n<\/div>\n<\/div>\n<\/article>\n<\/div>\n","protected":false},"featured_media":199,"comment_status":"open","ping_status":"closed","template":"","meta":[],"product_brand":[],"product_cat":[25],"product_tag":[],"class_list":{"0":"post-197","1":"product","2":"type-product","3":"status-publish","4":"has-post-thumbnail","6":"product_cat-particle-board","8":"first","9":"instock","10":"shipping-taxable","11":"product-type-simple"},"_links":{"self":[{"href":"https:\/\/daaowoodlndustry.com\/pt\/wp-json\/wp\/v2\/product\/197","targetHints":{"allow":["GET"]}}],"collection":[{"href":"https:\/\/daaowoodlndustry.com\/pt\/wp-json\/wp\/v2\/product"}],"about":[{"href":"https:\/\/daaowoodlndustry.com\/pt\/wp-json\/wp\/v2\/types\/product"}],"replies":[{"embeddable":true,"href":"https:\/\/daaowoodlndustry.com\/pt\/wp-json\/wp\/v2\/comments?post=197"}],"wp:featuredmedia":[{"embeddable":true,"href":"https:\/\/daaowoodlndustry.com\/pt\/wp-json\/wp\/v2\/media\/199"}],"wp:attachment":[{"href":"https:\/\/daaowoodlndustry.com\/pt\/wp-json\/wp\/v2\/media?parent=197"}],"wp:term":[{"taxonomy":"product_brand","embeddable":true,"href":"https:\/\/daaowoodlndustry.com\/pt\/wp-json\/wp\/v2\/product_brand?post=197"},{"taxonomy":"product_cat","embeddable":true,"href":"https:\/\/daaowoodlndustry.com\/pt\/wp-json\/wp\/v2\/product_cat?post=197"},{"taxonomy":"product_tag","embeddable":true,"href":"https:\/\/daaowoodlndustry.com\/pt\/wp-json\/wp\/v2\/product_tag?post=197"}],"curies":[{"name":"wp","href":"https:\/\/api.w.org\/{rel}","templated":true}]}}