{"id":192,"date":"2026-01-08T08:09:02","date_gmt":"2026-01-08T08:09:02","guid":{"rendered":"https:\/\/daaowoodlndustry.com\/?post_type=product&#038;p=192"},"modified":"2026-01-27T08:50:30","modified_gmt":"2026-01-27T08:50:30","slug":"melamine-double-ribbed-mdf","status":"publish","type":"product","link":"https:\/\/daaowoodlndustry.com\/pt\/product\/melamine-double-ribbed-mdf\/","title":{"rendered":"MDF com nervuras duplas de melamina"},"content":{"rendered":"<div style=\"overflow-x: auto; width: 100%;\">\n<h2 data-start=\"136\" data-end=\"184\"><a href=\"https:\/\/daaowoodlndustry.com\/pt\/product\/melamine-faced-double-ribbed-ecological-board%ef%bc%88mdf-double-ribbed%ef%bc%89\/\">MDF com nervuras duplas de melamina<\/a> \u00caxtulo Overview<\/h2>\n<p data-start=\"159\" data-end=\"498\">Melamina Double Ribbed MDF \u00e9 uma solu\u00e7\u00e3o premium de madeira compensada duplamente refor\u00e7ada, projetada para aplica\u00e7\u00f5es interiores de alto desempenho Esta placa combina um n\u00facleo de blockboard de n\u00facleo duplo de alta densidade com superf\u00edcies de melamina resistentes a riscos, resultando em um material forte e dur\u00e1vel que atende \u00e0s demandas de m\u00f3veis modernos e design de interiores.<\/p>\n<p data-start=\"500\" data-end=\"886\">A estrutura inovadora proporciona rigidez e estabilidade excepcionais, tornando-a ideal para projetos onde tanto a resist\u00eancia quanto a est\u00e9tica s\u00e3o necess\u00e1rias Com uma superf\u00edcie de melamina lisa e resiliente, esta placa oferece um acabamento refinado que mant\u00e9m sua apar\u00eancia mesmo ap\u00f3s o uso a longo prazo \u00c9 uma op\u00e7\u00e3o confi\u00e1vel para ambientes que exigem desempenho consistente e um visual de alta qualidade.<\/p>\n<p data-start=\"888\" data-end=\"1271\">Al\u00e9m de sua resist\u00eancia, a placa tamb\u00e9m fornece uma superf\u00edcie de painel consistente e est\u00e1vel que \u00e9 f\u00e1cil de processar O design com nervuras duplas melhora a integridade estrutural, ajudando a reduzir a deforma\u00e7\u00e3o e manter a forma ao longo do tempo Esta estabilidade \u00e9 especialmente importante para a fabrica\u00e7\u00e3o de arm\u00e1rios e m\u00f3veis, onde a precis\u00e3o dimensional \u00e9 cr\u00edtica para montagem e instala\u00e7\u00e3o.<\/p>\n<h2 data-start=\"868\" data-end=\"913\">Principais caracter\u00edsticas do MDF com nervuras duplas de melamina<\/h2>\n<p data-start=\"915\" data-end=\"1268\">O MDF com nervuras duplas de melamina \u00e9 projetado para oferecer resist\u00eancia e durabilidade superiores O design do blockboard de n\u00facleo duplo aumenta a resist\u00eancia \u00e0 flex\u00e3o, proporcionando um desempenho de suporte de carga mais confi\u00e1vel do que a madeira compensada padr\u00e3o Isso torna a placa particularmente adequada para arm\u00e1rios de ponta, fabrica\u00e7\u00e3o de m\u00f3veis e aplica\u00e7\u00f5es de exibi\u00e7\u00e3o comercial.<\/p>\n<p data-start=\"1270\" data-end=\"1566\">O revestimento de melamina na superf\u00edcie \u00e9 resistente a riscos e liso, o que ajuda a proteger a placa contra desgaste di\u00e1rio e danos Esta combina\u00e7\u00e3o de resist\u00eancia estrutural e resili\u00eancia superficial garante que o MDF com nervuras duplas de melamina tenha um bom desempenho em ambientes residenciais e comerciais.<\/p>\n<h2 data-start=\"1573\" data-end=\"1625\">Aplica\u00e7\u00f5es ideais para MDF com nervuras duplas de melamina<\/h2>\n<p data-start=\"2385\" data-end=\"2462\">Esta placa \u00e9 bem adequada para uma ampla gama de aplica\u00e7\u00f5es internas, incluindo<\/p>\n<ul data-start=\"2464\" data-end=\"2702\">\n<li data-start=\"2464\" data-end=\"2508\">\n<p data-start=\"2466\" data-end=\"2508\">Arm\u00e1rios de alta qualidade e m\u00f3veis de cozinha<\/p>\n<\/li>\n<li data-start=\"2509\" data-end=\"2557\">\n<p data-start=\"2511\" data-end=\"2557\">Unidades de exibi\u00e7\u00e3o comercial e acess\u00f3rios de varejo<\/p>\n<\/li>\n<li data-start=\"2558\" data-end=\"2598\">\n<p data-start=\"2560\" data-end=\"2598\">Mobili\u00e1rio de escrit\u00f3rio e sistemas de armazenamento<\/p>\n<\/li>\n<li data-start=\"2599\" data-end=\"2652\">\n<p data-start=\"2601\" data-end=\"2652\">Projetos de hot\u00e9is, showrooms e decora\u00e7\u00e3o de interiores<\/p>\n<\/li>\n<li data-start=\"2653\" data-end=\"2702\">\n<p data-start=\"2655\" data-end=\"2702\">M\u00f3veis dom\u00e9sticos personalizados e divis\u00f3rias interiores<\/p>\n<\/li>\n<\/ul>\n<p data-start=\"2704\" data-end=\"3036\">Seu desempenho equilibrado o torna uma escolha confi\u00e1vel para designers, fabricantes e empreiteiros de projetos que exigem um material de placa dur\u00e1vel e atraente, Seja usado em ambientes residenciais ou comerciais, ele oferece uma combina\u00e7\u00e3o de resist\u00eancia, apar\u00eancia e facilidade de processamento que suporta produ\u00e7\u00e3o e instala\u00e7\u00e3o eficientes.<\/p>\n<p data-start=\"3038\" data-end=\"3347\">Para projetos que exigem alta estabilidade e desempenho duradouro, este material oferece uma op\u00e7\u00e3o confi\u00e1vel. Sua estrutura refor\u00e7ada e superf\u00edcie resistente a riscos o tornam adequado para \u00e1reas que apresentam uso frequente, garantindo que m\u00f3veis e elementos internos mantenham sua qualidade ao longo do tempo.<\/p>\n<h2 data-start=\"2167\" data-end=\"2192\">Especifica\u00e7\u00f5es do produto<\/h2>\n<table style=\"width: 100%; border-collapse: collapse;\">\n<tbody>\n<tr style=\"height: 36.00pt;\">\n<td class=\"et2\" style=\"height: 36.00pt; width: 538.65pt; border-right: .5pt solid #000000;\" colspan=\"4\" width=\"1256\" height=\"84\">MDF Dupla Costela<\/td>\n<\/tr>\n<tr style=\"height: 36.00pt;\">\n<td class=\"et5\" style=\"height: 36.00pt;\" height=\"84\">Uso<\/td>\n<td class=\"et5\">Interior<\/td>\n<td class=\"et5\">Nome da marca<\/td>\n<td class=\"et5\">DA AO<\/td>\n<\/tr>\n<tr style=\"height: 36.00pt;\">\n<td class=\"et6\" style=\"height: 36.00pt;\" height=\"84\">Local de origem<\/td>\n<td class=\"et6\">Shandong, China<\/td>\n<td class=\"et6\">Tamanho<\/td>\n<td class=\"et6\">1220 mm * 2440 mm<\/td>\n<\/tr>\n<tr style=\"height: 36.00pt;\">\n<td class=\"et5\" style=\"height: 36.00pt;\" height=\"84\">Superf\u00edcie<\/td>\n<td class=\"et8\" style=\"width: 192.85pt;\" width=\"449\">revestido de melamina, revestido de papel melam\u00ednico<\/td>\n<td class=\"et5\">Recurso<\/td>\n<td class=\"et8\" style=\"width: 153.85pt;\" width=\"358\">Superf\u00edcie lisa \u00e0 prova de umidade, n\u00e3o facilmente danificada<\/td>\n<\/tr>\n<tr style=\"height: 36.00pt;\">\n<td class=\"et9\" style=\"height: 36.00pt; width: 104.10pt;\" width=\"242\" height=\"84\">MOQ<\/td>\n<td class=\"et6\">1*20GP<\/td>\n<td class=\"et6\">Grossura<\/td>\n<td class=\"et6\">15mm-25mm<\/td>\n<\/tr>\n<\/tbody>\n<\/table>\n<h2 data-start=\"2517\" data-end=\"2541\">Vantagem Competitiva<\/h2>\n<p data-start=\"3730\" data-end=\"4028\">Em compara\u00e7\u00e3o com a madeira compensada padr\u00e3o, esta placa oferece mais de 201TP3 T maior resist\u00eancia \u00e0 flex\u00e3o, proporcionando melhor desempenho estrutural em aplica\u00e7\u00f5es exigentes A maior resist\u00eancia \u00e0 flex\u00e3o, combinada com uma superf\u00edcie resistente a riscos, torna uma op\u00e7\u00e3o pr\u00e1tica e econ\u00f4mica para v\u00e1rios projetos de interiores.<\/p>\n<p data-start=\"4030\" data-end=\"4327\">O design garante tanto alto desempenho quanto um pre\u00e7o competitivo, tornando-o adequado para instala\u00e7\u00f5es comerciais e de fabrica\u00e7\u00e3o em larga escala Sua resist\u00eancia \u00e0 flex\u00e3o aprimorada e estrutura est\u00e1vel tamb\u00e9m suportam durabilidade a longo prazo, reduzindo a necessidade de substitui\u00e7\u00f5es e manuten\u00e7\u00e3o frequentes.<\/p>\n<\/div>","protected":false},"excerpt":{"rendered":"<p>Nosso compensado duplo refor\u00e7ado com melamina premium combina um blockboard duplo de alta densidade com superf\u00edcies de melamina resistentes a arranh\u00f5es.<\/p>\n<p>Este design inovador oferece rigidez e durabilidade excepcionais, tornando-o perfeito para arm\u00e1rios, m\u00f3veis e displays comerciais de \u00faltima gera\u00e7\u00e3o.<\/p>\n<p>Com mais de 201TP3 T maior resist\u00eancia \u00e0 flex\u00e3o do que a madeira compensada padr\u00e3o, oferece desempenho superior a um pre\u00e7o competitivo.<\/p>","protected":false},"featured_media":195,"comment_status":"open","ping_status":"closed","template":"","meta":[],"product_brand":[],"product_cat":[24],"product_tag":[],"class_list":{"0":"post-192","1":"product","2":"type-product","3":"status-publish","4":"has-post-thumbnail","6":"product_cat-eco-friendly-board","8":"first","9":"instock","10":"shipping-taxable","11":"product-type-simple"},"_links":{"self":[{"href":"https:\/\/daaowoodlndustry.com\/pt\/wp-json\/wp\/v2\/product\/192","targetHints":{"allow":["GET"]}}],"collection":[{"href":"https:\/\/daaowoodlndustry.com\/pt\/wp-json\/wp\/v2\/product"}],"about":[{"href":"https:\/\/daaowoodlndustry.com\/pt\/wp-json\/wp\/v2\/types\/product"}],"replies":[{"embeddable":true,"href":"https:\/\/daaowoodlndustry.com\/pt\/wp-json\/wp\/v2\/comments?post=192"}],"wp:featuredmedia":[{"embeddable":true,"href":"https:\/\/daaowoodlndustry.com\/pt\/wp-json\/wp\/v2\/media\/195"}],"wp:attachment":[{"href":"https:\/\/daaowoodlndustry.com\/pt\/wp-json\/wp\/v2\/media?parent=192"}],"wp:term":[{"taxonomy":"product_brand","embeddable":true,"href":"https:\/\/daaowoodlndustry.com\/pt\/wp-json\/wp\/v2\/product_brand?post=192"},{"taxonomy":"product_cat","embeddable":true,"href":"https:\/\/daaowoodlndustry.com\/pt\/wp-json\/wp\/v2\/product_cat?post=192"},{"taxonomy":"product_tag","embeddable":true,"href":"https:\/\/daaowoodlndustry.com\/pt\/wp-json\/wp\/v2\/product_tag?post=192"}],"curies":[{"name":"wp","href":"https:\/\/api.w.org\/{rel}","templated":true}]}}