{"id":187,"date":"2026-01-08T08:08:17","date_gmt":"2026-01-08T08:08:17","guid":{"rendered":"https:\/\/daaowoodlndustry.com\/?post_type=product&#038;p=187"},"modified":"2026-01-23T08:31:50","modified_gmt":"2026-01-23T08:31:50","slug":"oriented-strand-board","status":"publish","type":"product","link":"https:\/\/daaowoodlndustry.com\/pt\/product\/oriented-strand-board\/","title":{"rendered":"Placa de Fios Orientada"},"content":{"rendered":"<div style=\"overflow-x: auto; width: 100%;\">\n<h2 data-start=\"116\" data-end=\"163\"><a href=\"https:\/\/daaowoodlndustry.com\/pt\/product\/veneer-oriented-strand-board\/\">Placa de Fios Orientada<\/a> (OSB) Vis\u00e3o geral do produto<\/h2>\n<p data-start=\"165\" data-end=\"570\">Nossa placa de fio orientada a pinho premium (OSB) \u00e9 fabricada usando toras de pinho radiata de alta qualidade estritamente selecionadas como mat\u00e9ria-prima O processo de produ\u00e7\u00e3o inclui fatiamento especializado, secagem e tratamento com adesivo MDI ecol\u00f3gico, seguido por tecnologia de forma\u00e7\u00e3o orientada exclusiva e prensagem a quente em placas acabadas Isso garante qualidade consistente e desempenho est\u00e1vel da placa em cada lote.<\/p>\n<h2 data-start=\"572\" data-end=\"637\">Estrutura avan\u00e7ada da placa de fio orientada para for\u00e7a aprimorada<\/h2>\n<p data-start=\"639\" data-end=\"1004\">A placa de fio orientada apresenta uma configura\u00e7\u00e3o estrutural cruzada com camadas superiores e inferiores longitudinais e uma camada central transversal Este projeto oferece excelente resist\u00eancia \u00e0 flex\u00e3o, estabilidade dimensional e capacidade superior de fixa\u00e7\u00e3o de parafusos Em compara\u00e7\u00e3o com os pain\u00e9is de madeira tradicionais, nosso OSB fornece resist\u00eancia mais uniforme e desempenho estrutural confi\u00e1vel.<\/p>\n<h2 data-start=\"1006\" data-end=\"1061\">Alternativa econ\u00f4mica para m\u00faltiplas aplica\u00e7\u00f5es<\/h2>\n<p data-start=\"1063\" data-end=\"1420\">Como uma alternativa econ\u00f4mica ao compensado tradicional, nossa placa de fio orientada \u00e9 adequada para uma ampla gama de aplica\u00e7\u00f5es, incluindo estruturas de constru\u00e7\u00e3o, decora\u00e7\u00e3o de interiores, embalagens industriais e fabrica\u00e7\u00e3o de m\u00f3veis personalizados. \u00c9 especialmente adequado para cen\u00e1rios que exigem desempenho est\u00e1vel de suporte de carga, planicidade e uso confi\u00e1vel a longo prazo.<\/p>\n<h2 data-start=\"1422\" data-end=\"1471\">Cen\u00e1rios de aplica\u00e7\u00e3o do Conselho de Fios Orientados<\/h2>\n<h3 data-start=\"1473\" data-end=\"1498\">Estruturas Edif\u00edcios<\/h3>\n<p data-start=\"1499\" data-end=\"1759\">A placa de costa orientada \u00e9 amplamente utilizada na bainha de parede, no decking do telhado, no underlayment do assoalho, e no enquadramento estrutural Sua for\u00e7a est\u00e1vel e desempenho dimensional fazem-na uma escolha segura para projetos de constru\u00e7\u00e3o que exigem a capacidade carga-rolamento consistente.<\/p>\n<h3 data-start=\"1761\" data-end=\"1786\">Decora\u00e7\u00e3o Interior<\/h3>\n<p data-start=\"1787\" data-end=\"2008\">Para projetos de decora\u00e7\u00e3o de interiores, o OSB pode ser usado para pain\u00e9is de parede, placas divis\u00f3rias e estruturas decorativas Sua textura natural de madeira tamb\u00e9m pode ser aprimorada atrav\u00e9s do acabamento de superf\u00edcie para projetos modernos de estilo industrial.<\/p>\n<h3 data-start=\"2010\" data-end=\"2036\">Embalagem Industrial<\/h3>\n<p data-start=\"2037\" data-end=\"2250\">OSB \u00e9 um material ideal para embalagens industriais devido \u00e0 sua alta resist\u00eancia e boa resist\u00eancia ao impacto \u00c9 comumente usado para caixas, paletes e embalagens protetoras em ambientes de log\u00edstica e fabrica\u00e7\u00e3o.<\/p>\n<h3 data-start=\"2252\" data-end=\"2288\">Fabrica\u00e7\u00e3o de m\u00f3veis personalizados<\/h3>\n<p data-start=\"2289\" data-end=\"2501\">Para m\u00f3veis e arm\u00e1rios personalizados, a placa de fio orientada fornece estrutura est\u00e1vel e f\u00e1cil processamento Pode ser cortada, perfurada e moldada de forma eficiente, tornando-a adequada para produ\u00e7\u00e3o em massa e projetos personalizados.<\/p>\n<h2 data-start=\"2503\" data-end=\"2535\">Qualidade e Vantagens de Fornecimento<\/h2>\n<p data-start=\"2537\" data-end=\"2794\">Apoiamos a personaliza\u00e7\u00e3o de tamanho e espessura para atender aos diferentes requisitos do projeto Com fornecimento direto de f\u00e1brica, a placa de fio orientada oferece uma solu\u00e7\u00e3o competitiva para parceiros que buscam qualidade consistente, especifica\u00e7\u00f5es flex\u00edveis e entrega est\u00e1vel.<\/p>\n<p data-start=\"2796\" data-end=\"3054\">Al\u00e9m disso, nosso sistema de produ\u00e7\u00e3o segue rigorosos padr\u00f5es internos para controlar cada est\u00e1gio de fabrica\u00e7\u00e3o, Desde a sele\u00e7\u00e3o da mat\u00e9ria-prima at\u00e9 a inspe\u00e7\u00e3o final, garantimos desempenho est\u00e1vel e especifica\u00e7\u00f5es consistentes para cada lote de placa de fio orientada.<\/p>\n<h3 data-start=\"3061\" data-end=\"3084\">Informa\u00e7\u00f5es do produto<\/h3>\n<table style=\"width: 100%; border-collapse: collapse;\">\n<tbody>\n<tr style=\"height: 45.00pt;\">\n<td class=\"et2\" style=\"height: 45.00pt; width: 538.65pt; border-right: .5pt solid #000000;\" colspan=\"4\" width=\"1256\" height=\"105\">Quadros de Fios Orientados (OSB)<\/td>\n<\/tr>\n<tr style=\"height: 45.00pt;\">\n<td class=\"et5\" style=\"height: 45.00pt;\" height=\"105\">Estrutura Laje<\/td>\n<td class=\"et5\">Quadros de Fios Orientados (OSB)<\/td>\n<td class=\"et5\">Uso<\/td>\n<td class=\"et5\">Interior<\/td>\n<\/tr>\n<tr style=\"height: 45.00pt;\">\n<td class=\"et6\" style=\"height: 45.00pt;\" height=\"105\">Acabamento Superf\u00edcie<\/td>\n<td class=\"et6\">Terminado<\/td>\n<td class=\"et6\">Nome da marca<\/td>\n<td class=\"et6\">DA AO<\/td>\n<\/tr>\n<tr style=\"height: 45.00pt;\">\n<td class=\"et5\" style=\"height: 45.00pt;\" height=\"105\">Local de origem<\/td>\n<td class=\"et5\">Shandong, China<\/td>\n<td class=\"et5\">Tamanho<\/td>\n<td class=\"et5\">1220 mm * 2440 mm<\/td>\n<\/tr>\n<tr style=\"height: 45.00pt;\">\n<td class=\"et7\" style=\"height: 45.00pt; width: 104.10pt;\" width=\"242\" height=\"105\">MOQ<\/td>\n<td class=\"et6\">1*20GP<\/td>\n<td class=\"et6\">Grossura<\/td>\n<td class=\"et6\">Aceitar Personaliza\u00e7\u00e3o<\/td>\n<\/tr>\n<\/tbody>\n<\/table>\n<p>&nbsp;<\/p>\n<\/div>","protected":false},"excerpt":{"rendered":"<p>Nossa placa de fio orientada a pinho premium (OSB) \u00e9 fabricada usando troncos de pinho radiata de alta qualidade estritamente selecionados como mat\u00e9ria-prima.<\/p>\n<p>Ele passa por fatiamento especializado, secagem, tratamento com adesivo MDI ecol\u00f3gico e tecnologia de conforma\u00e7\u00e3o orientada exclusiva (camadas superiores\/inferiores longitudinais e camada central transversal) antes de ser prensado a quente em placas acabadas.<\/p>\n<p>Esta configura\u00e7\u00e3o estrutural cruzada confere \u00e0 placa excelente resist\u00eancia \u00e0 flex\u00e3o, estabilidade dimensional e excepcional capacidade de fixa\u00e7\u00e3o de parafusos.<\/p>\n<p>Ele se destaca como uma alternativa ideal e econ\u00f4mica ao compensado tradicional para aplica\u00e7\u00f5es em estruturas de constru\u00e7\u00e3o, decora\u00e7\u00f5es de interiores, embalagens industriais e fabrica\u00e7\u00e3o de m\u00f3veis personalizados.<\/p>","protected":false},"featured_media":189,"comment_status":"open","ping_status":"closed","template":"","meta":[],"product_brand":[],"product_cat":[22],"product_tag":[],"class_list":{"0":"post-187","1":"product","2":"type-product","3":"status-publish","4":"has-post-thumbnail","6":"product_cat-oriented-strand-board-osb","8":"first","9":"instock","10":"shipping-taxable","11":"product-type-simple"},"_links":{"self":[{"href":"https:\/\/daaowoodlndustry.com\/pt\/wp-json\/wp\/v2\/product\/187","targetHints":{"allow":["GET"]}}],"collection":[{"href":"https:\/\/daaowoodlndustry.com\/pt\/wp-json\/wp\/v2\/product"}],"about":[{"href":"https:\/\/daaowoodlndustry.com\/pt\/wp-json\/wp\/v2\/types\/product"}],"replies":[{"embeddable":true,"href":"https:\/\/daaowoodlndustry.com\/pt\/wp-json\/wp\/v2\/comments?post=187"}],"wp:featuredmedia":[{"embeddable":true,"href":"https:\/\/daaowoodlndustry.com\/pt\/wp-json\/wp\/v2\/media\/189"}],"wp:attachment":[{"href":"https:\/\/daaowoodlndustry.com\/pt\/wp-json\/wp\/v2\/media?parent=187"}],"wp:term":[{"taxonomy":"product_brand","embeddable":true,"href":"https:\/\/daaowoodlndustry.com\/pt\/wp-json\/wp\/v2\/product_brand?post=187"},{"taxonomy":"product_cat","embeddable":true,"href":"https:\/\/daaowoodlndustry.com\/pt\/wp-json\/wp\/v2\/product_cat?post=187"},{"taxonomy":"product_tag","embeddable":true,"href":"https:\/\/daaowoodlndustry.com\/pt\/wp-json\/wp\/v2\/product_tag?post=187"}],"curies":[{"name":"wp","href":"https:\/\/api.w.org\/{rel}","templated":true}]}}