{"id":182,"date":"2026-01-08T07:53:06","date_gmt":"2026-01-08T07:53:06","guid":{"rendered":"https:\/\/daaowoodlndustry.com\/?post_type=product&#038;p=182"},"modified":"2026-01-23T08:39:20","modified_gmt":"2026-01-23T08:39:20","slug":"mdf-medium-density-fiberboard","status":"publish","type":"product","link":"https:\/\/daaowoodlndustry.com\/pt\/product\/mdf-medium-density-fiberboard\/","title":{"rendered":"MDF (Medium Density Fiberboard)"},"content":{"rendered":"<div style=\"overflow-x: auto; width: 100%;\">\n<h2 data-start=\"160\" data-end=\"238\">Alta qualidade <a href=\"https:\/\/daaowoodlndustry.com\/pt\/product\/medium-density-fiberboard%ef%bc%88mdf%ef%bc%89\/\">MDF (Medium Density Fiberboard)<\/a> para aplica\u00e7\u00f5es de pain\u00e9is est\u00e1veis<\/h2>\n<p data-start=\"239\" data-end=\"571\">Nosso MDF (Medium Density Fiberboard) \u00e9 meticulosamente produzido por meio de prensagem a quente de precis\u00e3o, utilizando fibras de madeira de alta qualidade como mat\u00e9ria-prima principal. O processo de fabrica\u00e7\u00e3o controlado garante uma estrutura interna densa e consistente e um acabamento de superf\u00edcie liso, proporcionando uma base confi\u00e1vel para diversos processos subsequentes.<\/p>\n<h3 data-start=\"573\" data-end=\"621\">Superf\u00edcie lisa e excelente acabamento.<\/h3>\n<p data-start=\"622\" data-end=\"941\">Com sua densidade uniforme e textura de superf\u00edcie fina, nosso MDF \u00e9 ideal para folheamento, pintura ou aplica\u00e7\u00e3o direta de cor. O acabamento liso o torna adequado para decora\u00e7\u00e3o de superf\u00edcie de alta qualidade, permitindo que designers e fabricantes alcancem bordas limpas, cores consistentes e efeitos visuais premium em produtos finais.<\/p>\n<h3 data-start=\"943\" data-end=\"1000\">Usinabilidade e estabilidade dimensional excepcionais<\/h3>\n<p data-start=\"1001\" data-end=\"1261\">Reconhecido por sua excelente adaptabilidade \u00e0 usinagem, nosso MDF pode ser facilmente cortado, moldado, fresado e perfurado com lascas m\u00ednimas nas bordas. Ele mant\u00e9m dimens\u00f5es est\u00e1veis ao longo do tempo, tornando-se um material preferido para fabrica\u00e7\u00e3o de precis\u00e3o e uso interno de longo prazo.<\/p>\n<h3 data-start=\"1263\" data-end=\"1319\">Aplica\u00e7\u00f5es vers\u00e1teis para m\u00f3veis e interiores<\/h3>\n<p data-start=\"1320\" data-end=\"1595\">Este MDF (Medium Density Fiberboard) \u00e9 amplamente utilizado na produ\u00e7\u00e3o de m\u00f3veis de painel, decora\u00e7\u00e3o de interiores, adere\u00e7os para exposi\u00e7\u00f5es e produtos personalizados. Seu desempenho equilibrado e custo-benef\u00edcio o tornam uma excelente escolha tanto para produ\u00e7\u00e3o em larga escala quanto para projetos sob medida.<\/p>\n<h3 data-start=\"1597\" data-end=\"1659\">Vantagens de escolher nosso MDF (Medium Density Fiberboard).<\/h3>\n<ul data-start=\"1660\" data-end=\"2177\">\n<li data-start=\"1660\" data-end=\"1770\">\n<p data-start=\"1662\" data-end=\"1770\"><strong data-start=\"1662\" data-end=\"1684\">Qualidade consistente<\/strong>Densidade est\u00e1vel e estrutura uniforme garantem desempenho consistente entre lotes.<\/p>\n<\/li>\n<li data-start=\"1771\" data-end=\"1863\">\n<p data-start=\"1773\" data-end=\"1863\"><strong data-start=\"1773\" data-end=\"1796\">Processamento confi\u00e1vel<\/strong>Usinagem e corte f\u00e1ceis para fabrica\u00e7\u00e3o de componentes de precis\u00e3o.<\/p>\n<\/li>\n<li data-start=\"1864\" data-end=\"1951\">\n<p data-start=\"1866\" data-end=\"1951\"><strong data-start=\"1866\" data-end=\"1890\">Alta qualidade de superf\u00edcie<\/strong>Acabamento liso, adequado para diversos tratamentos decorativos.<\/p>\n<\/li>\n<li data-start=\"1952\" data-end=\"2074\">\n<p data-start=\"1954\" data-end=\"2074\"><strong data-start=\"1954\" data-end=\"1972\">Custo-benef\u00edcio<\/strong>Oferece excelente custo-benef\u00edcio em compara\u00e7\u00e3o com alternativas de madeira maci\u00e7a, mantendo um desempenho confi\u00e1vel.<\/p>\n<\/li>\n<li data-start=\"2075\" data-end=\"2177\">\n<p data-start=\"2077\" data-end=\"2177\"><strong data-start=\"2077\" data-end=\"2098\">durabilidade em ambientes internos<\/strong>Projetado para uso interno de longo prazo, com dimens\u00f5es est\u00e1veis e baixa deforma\u00e7\u00e3o.<\/p>\n<\/li>\n<\/ul>\n<h3 data-start=\"2179\" data-end=\"2223\">Por que nosso MDF \u00e9 ideal para fabricantes<\/h3>\n<p data-start=\"2224\" data-end=\"2547\">Para fabricantes de m\u00f3veis, designers de interiores e fornecedores de materiais de constru\u00e7\u00e3o, nosso MDF (Medium Density Fiberboard) \u00e9 uma mat\u00e9ria-prima confi\u00e1vel que oferece fluxos de trabalho de produ\u00e7\u00e3o eficientes. Ele ajuda a reduzir o desperd\u00edcio durante o corte e a modelagem, melhora a qualidade do acabamento superficial e permite resultados de fabrica\u00e7\u00e3o r\u00e1pidos e consistentes.<\/p>\n<h3 data-start=\"2549\" data-end=\"2577\">Especifica\u00e7\u00f5es do produto<\/h3>\n<table style=\"width: 100%; border-collapse: collapse;\">\n<tbody>\n<tr style=\"height: 34.00pt;\">\n<td class=\"et2\" style=\"height: 34.00pt; width: 538.65pt;\" colspan=\"4\" width=\"1256\" height=\"79\">Painel de fibra de m\u00e9dia densidade (MDF)<\/td>\n<\/tr>\n<tr style=\"height: 34.00pt;\">\n<td class=\"et3\" style=\"height: 34.00pt;\" height=\"79\">Material<\/td>\n<td class=\"et3\">\u00c1lamo<\/td>\n<td class=\"et3\">Uso<\/td>\n<td class=\"et3\">Interior<\/td>\n<\/tr>\n<tr style=\"height: 34.00pt;\">\n<td class=\"et5\" style=\"height: 34.00pt;\" height=\"79\">Recurso<\/td>\n<td class=\"et5\">Resistente \u00e0 \u00e1gua, resistente ao fogo<\/td>\n<td class=\"et5\">Nome da marca<\/td>\n<td class=\"et5\">DA AO<\/td>\n<\/tr>\n<tr style=\"height: 34.00pt;\">\n<td class=\"et3\" style=\"height: 34.00pt;\" height=\"79\">Local de origem<\/td>\n<td class=\"et3\">Shandong, China<\/td>\n<td class=\"et3\">Tamanho<\/td>\n<td class=\"et3\">1220 mm * 2440 mm<\/td>\n<\/tr>\n<tr style=\"height: 34.00pt;\">\n<td class=\"et5\" style=\"height: 34.00pt;\" height=\"79\">faceta facial<\/td>\n<td class=\"et5\">MDF liso<\/td>\n<td class=\"et5\">Grossura<\/td>\n<td class=\"et5\">2,5 mm - 30 mm<\/td>\n<\/tr>\n<tr style=\"height: 34.00pt;\">\n<td class=\"et6\" style=\"height: 34.00pt; width: 104.10pt;\" width=\"242\" height=\"79\">MOQ<\/td>\n<td class=\"et3\">1*20GP<\/td>\n<td class=\"et3\">Densidade<\/td>\n<td class=\"et3\">600-750 kg\/m\u00b3<\/td>\n<\/tr>\n<\/tbody>\n<\/table>\n<\/div>","protected":false},"excerpt":{"rendered":"<p>Nosso painel de fibras de m\u00e9dia densidade (MDF) \u00e9 produzido meticulosamente por meio de prensagem a quente de precis\u00e3o, utilizando fibras de madeira de alta qualidade como principal mat\u00e9ria-prima.<\/p>\n<p>Com uma estrutura interna uniformemente densa e um acabamento de superf\u00edcie excepcionalmente liso, oferece um substrato ideal para revestimento posterior, pintura ou aplica\u00e7\u00e3o direta de cor.<\/p>\n<p>Reconhecido por sua excepcional adaptabilidade \u00e0 usinagem e estabilidade dimensional, nosso MDF se apresenta como uma op\u00e7\u00e3o premium e, ao mesmo tempo, econ\u00f4mica para a fabrica\u00e7\u00e3o de m\u00f3veis em painel, decora\u00e7\u00f5es de interiores, adere\u00e7os para exposi\u00e7\u00f5es e produtos personalizados.<\/p>","protected":false},"featured_media":183,"comment_status":"open","ping_status":"closed","template":"","meta":[],"product_brand":[],"product_cat":[23],"product_tag":[],"class_list":{"0":"post-182","1":"product","2":"type-product","3":"status-publish","4":"has-post-thumbnail","6":"product_cat-medium-density-fiberboardmdf","8":"first","9":"instock","10":"shipping-taxable","11":"product-type-simple"},"_links":{"self":[{"href":"https:\/\/daaowoodlndustry.com\/pt\/wp-json\/wp\/v2\/product\/182","targetHints":{"allow":["GET"]}}],"collection":[{"href":"https:\/\/daaowoodlndustry.com\/pt\/wp-json\/wp\/v2\/product"}],"about":[{"href":"https:\/\/daaowoodlndustry.com\/pt\/wp-json\/wp\/v2\/types\/product"}],"replies":[{"embeddable":true,"href":"https:\/\/daaowoodlndustry.com\/pt\/wp-json\/wp\/v2\/comments?post=182"}],"wp:featuredmedia":[{"embeddable":true,"href":"https:\/\/daaowoodlndustry.com\/pt\/wp-json\/wp\/v2\/media\/183"}],"wp:attachment":[{"href":"https:\/\/daaowoodlndustry.com\/pt\/wp-json\/wp\/v2\/media?parent=182"}],"wp:term":[{"taxonomy":"product_brand","embeddable":true,"href":"https:\/\/daaowoodlndustry.com\/pt\/wp-json\/wp\/v2\/product_brand?post=182"},{"taxonomy":"product_cat","embeddable":true,"href":"https:\/\/daaowoodlndustry.com\/pt\/wp-json\/wp\/v2\/product_cat?post=182"},{"taxonomy":"product_tag","embeddable":true,"href":"https:\/\/daaowoodlndustry.com\/pt\/wp-json\/wp\/v2\/product_tag?post=182"}],"curies":[{"name":"wp","href":"https:\/\/api.w.org\/{rel}","templated":true}]}}