{"id":174,"date":"2026-01-08T07:46:23","date_gmt":"2026-01-08T07:46:23","guid":{"rendered":"https:\/\/daaowoodlndustry.com\/?post_type=product&#038;p=174"},"modified":"2026-01-27T07:37:08","modified_gmt":"2026-01-27T07:37:08","slug":"melamine-board-osb","status":"publish","type":"product","link":"https:\/\/daaowoodlndustry.com\/pt\/product\/melamine-board-osb\/","title":{"rendered":"Placa de Melamina OSB"},"content":{"rendered":"<div style=\"overflow-x: auto; width: 100%;\">\n<h2 data-start=\"112\" data-end=\"153\"><a href=\"https:\/\/daaowoodlndustry.com\/pt\/product\/melamine-faced-oriented-strand-board%ef%bc%88mfc-osb%ef%bc%89\/\">Placa de Melamina OSB<\/a> Descri\u00e7\u00e3o do produto<\/h2>\n<p data-start=\"155\" data-end=\"429\">Nossos pain\u00e9is OSB de melamina s\u00e3o criados pela liga\u00e7\u00e3o de papel melam\u00ednico premium a um n\u00facleo OSB sob calor e press\u00e3o extremos em um \u00fanico processo Isso garante um acabamento superficial est\u00e1vel e dur\u00e1vel que combina a for\u00e7a do OSB com as vantagens decorativas de uma sobreposi\u00e7\u00e3o de melamina.<\/p>\n<p data-start=\"431\" data-end=\"793\">Esta t\u00e9cnica inovadora funde a excepcional integridade estrutural da OSB com a est\u00e9tica vers\u00e1til da melamina, tornando-a uma escolha de topo para mobili\u00e1rio verde contempor\u00e2neo e projetos de interiores A resultante Melamine Board OSB oferece uma superf\u00edcie lisa e resistente a riscos que \u00e9 f\u00e1cil de limpar e manter, ao mesmo tempo que proporciona um desempenho fi\u00e1vel para aplica\u00e7\u00f5es interiores.<\/p>\n<p data-start=\"795\" data-end=\"1134\">O Melamine Board OSB \u00e9 particularmente adequado para uso em m\u00f3veis modernos, arm\u00e1rios, pain\u00e9is de parede e acess\u00f3rios internos, onde a apar\u00eancia e a durabilidade s\u00e3o necess\u00e1rias. A superf\u00edcie da melamina tamb\u00e9m permite uma variedade de padr\u00f5es e cores, permitindo que designers e fabricantes atendam a diferentes prefer\u00eancias de estilo e requisitos do projeto.<\/p>\n<h2 data-start=\"1141\" data-end=\"1163\">Informa\u00e7\u00f5es do produto<\/h2>\n<table style=\"width: 100%; border-collapse: collapse;\">\n<tbody>\n<tr style=\"height: 29.00pt;\">\n<td class=\"et2\" style=\"height: 29.00pt; width: 538.65pt;\" colspan=\"4\" width=\"1256\" height=\"67\">Placa de fita orientada para rosto de melamina<\/td>\n<\/tr>\n<tr style=\"height: 29.00pt;\">\n<td class=\"et3\" style=\"height: 29.00pt;\" height=\"67\">Material<\/td>\n<td class=\"et3\">Fibra Madeira<\/td>\n<td class=\"et3\">Uso<\/td>\n<td class=\"et3\">Interior<\/td>\n<\/tr>\n<tr style=\"height: 29.00pt;\">\n<td class=\"et4\" style=\"height: 29.00pt;\" height=\"67\">Recurso<\/td>\n<td class=\"et4\">\u00c0 prova de umidade<\/td>\n<td class=\"et4\">Nome da marca<\/td>\n<td class=\"et4\">DA AO<\/td>\n<\/tr>\n<tr style=\"height: 29.00pt;\">\n<td class=\"et3\" style=\"height: 29.00pt;\" height=\"67\">Local de origem<\/td>\n<td class=\"et3\">Shandong, China<\/td>\n<td class=\"et3\">Tamanho<\/td>\n<td class=\"et3\">1220*2440 MM<\/td>\n<\/tr>\n<tr style=\"height: 29.00pt;\">\n<td class=\"et4\" style=\"height: 29.00pt;\" height=\"67\">Cor<\/td>\n<td class=\"et4\">Cor Personalizada<\/td>\n<td class=\"et4\">Pacote<\/td>\n<td class=\"et4\">Embalagem Paletes<\/td>\n<\/tr>\n<tr style=\"height: 29.00pt;\">\n<td class=\"et5\" style=\"height: 29.00pt; width: 104.10pt;\" width=\"242\" height=\"67\">MOQ<\/td>\n<td class=\"et3\">1*20GP<\/td>\n<td class=\"et3\">Grossura<\/td>\n<td class=\"et3\">2-25mm<\/td>\n<\/tr>\n<\/tbody>\n<\/table>\n<h2 data-start=\"1457\" data-end=\"1490\">Por que escolher o Melamine Board OSB?<\/h2>\n<p data-start=\"1492\" data-end=\"1909\">O Melamine Board OSB oferece uma alternativa econ\u00f4mica aos tradicionais pain\u00e9is de madeira maci\u00e7a ou compensado, especialmente em aplica\u00e7\u00f5es onde \u00e9 necess\u00e1rio um acabamento decorativo O n\u00facleo OSB confere ao painel uma excelente capacidade de suporte de carga, enquanto o revestimento de melamina melhora a durabilidade da superf\u00edcie e o apelo visual. Isso o torna ideal para fabricantes de m\u00f3veis e designers de interiores que buscam funcionalidade e est\u00e9tica.<\/p>\n<p data-start=\"1911\" data-end=\"2262\">Al\u00e9m disso, a superf\u00edcie da melamina \u00e9 resistente ao desgaste interno comum, como arranh\u00f5es e manchas, tornando-a adequada para \u00e1reas de alto tr\u00e1fego Com a capacidade de personalizar cores e padr\u00f5es, o Melamine Board OSB pode ser adaptado para se adequar a diferentes estilos de design, do minimalista ao contempor\u00e2neo, garantindo um visual coeso em qualquer espa\u00e7o interior.<\/p>\n<\/div>","protected":false},"excerpt":{"rendered":"<p>Nossos pain\u00e9is OSB de melamina s\u00e3o criados pela liga\u00e7\u00e3o de papel melam\u00ednico premium ao n\u00facleo OSB sob calor e press\u00e3o extremos em um \u00fanico processo.<\/p>\n<p>Esta t\u00e9cnica inovadora funde a excepcional integridade estrutural da OSB com a est\u00e9tica vers\u00e1til da melamina, tornando-a uma escolha de topo para mobili\u00e1rio verde contempor\u00e2neo e projetos de interiores.<\/p>","protected":false},"featured_media":175,"comment_status":"open","ping_status":"closed","template":"","meta":[],"product_brand":[],"product_cat":[22],"product_tag":[],"class_list":{"0":"post-174","1":"product","2":"type-product","3":"status-publish","4":"has-post-thumbnail","6":"product_cat-oriented-strand-board-osb","8":"first","9":"instock","10":"shipping-taxable","11":"product-type-simple"},"_links":{"self":[{"href":"https:\/\/daaowoodlndustry.com\/pt\/wp-json\/wp\/v2\/product\/174","targetHints":{"allow":["GET"]}}],"collection":[{"href":"https:\/\/daaowoodlndustry.com\/pt\/wp-json\/wp\/v2\/product"}],"about":[{"href":"https:\/\/daaowoodlndustry.com\/pt\/wp-json\/wp\/v2\/types\/product"}],"replies":[{"embeddable":true,"href":"https:\/\/daaowoodlndustry.com\/pt\/wp-json\/wp\/v2\/comments?post=174"}],"wp:featuredmedia":[{"embeddable":true,"href":"https:\/\/daaowoodlndustry.com\/pt\/wp-json\/wp\/v2\/media\/175"}],"wp:attachment":[{"href":"https:\/\/daaowoodlndustry.com\/pt\/wp-json\/wp\/v2\/media?parent=174"}],"wp:term":[{"taxonomy":"product_brand","embeddable":true,"href":"https:\/\/daaowoodlndustry.com\/pt\/wp-json\/wp\/v2\/product_brand?post=174"},{"taxonomy":"product_cat","embeddable":true,"href":"https:\/\/daaowoodlndustry.com\/pt\/wp-json\/wp\/v2\/product_cat?post=174"},{"taxonomy":"product_tag","embeddable":true,"href":"https:\/\/daaowoodlndustry.com\/pt\/wp-json\/wp\/v2\/product_tag?post=174"}],"curies":[{"name":"wp","href":"https:\/\/api.w.org\/{rel}","templated":true}]}}