{"id":345,"date":"2026-01-09T03:39:57","date_gmt":"2026-01-09T03:39:57","guid":{"rendered":"https:\/\/daaowoodlndustry.com\/?page_id=345"},"modified":"2026-01-22T09:21:30","modified_gmt":"2026-01-22T09:21:30","slug":"refund-policy","status":"publish","type":"page","link":"https:\/\/daaowoodlndustry.com\/pt\/refund-policy\/","title":{"rendered":"Pol\u00edtica de reembolso"},"content":{"rendered":"<div data-elementor-type=\"wp-page\" data-elementor-id=\"345\" class=\"elementor elementor-345\" data-elementor-post-type=\"page\">\n\t\t\t\t<div class=\"elementor-element elementor-element-ca22c98 e-flex e-con-boxed e-con e-parent\" data-id=\"ca22c98\" data-element_type=\"container\" data-e-type=\"container\" data-settings=\"{&quot;background_background&quot;:&quot;classic&quot;}\">\n\t\t\t\t\t<div class=\"e-con-inner\">\n\t\t\t\t<div class=\"elementor-element elementor-element-becf5a7 elementor-widget elementor-widget-heading\" data-id=\"becf5a7\" data-element_type=\"widget\" data-e-type=\"widget\" data-widget_type=\"heading.default\">\n\t\t\t\t\t<h2 class=\"elementor-heading-title elementor-size-default\">Pol\u00edtica de reembolso<\/h2>\t\t\t\t<\/div>\n\t\t\t\t<div class=\"elementor-element elementor-element-f7d1910 elementor-icon-list--layout-inline elementor-list-item-link-full_width elementor-widget elementor-widget-icon-list\" data-id=\"f7d1910\" data-element_type=\"widget\" data-e-type=\"widget\" data-widget_type=\"icon-list.default\">\n\t\t\t\t\t\t\t<ul class=\"elementor-icon-list-items elementor-inline-items\">\n\t\t\t\t\t\t\t<li class=\"elementor-icon-list-item elementor-inline-item\">\n\t\t\t\t\t\t\t\t\t\t\t<a href=\"https:\/\/daaowoodlndustry.com\/pt\/home\/\">\n\n\t\t\t\t\t\t\t\t\t\t\t\t<span class=\"elementor-icon-list-icon\">\n\t\t\t\t\t\t\t<svg aria-hidden=\"true\" class=\"e-font-icon-svg e-fas-home\" viewbox=\"0 0 576 512\" xmlns=\"http:\/\/www.w3.org\/2000\/svg\"><path d=\"M280.37 148.26L96 300.11V464a16 16 0 0 0 16 16l112.06-.29a16 16 0 0 0 15.92-16V368a16 16 0 0 1 16-16h64a16 16 0 0 1 16 16v95.64a16 16 0 0 0 16 16.05L464 480a16 16 0 0 0 16-16V300L295.67 148.26a12.19 12.19 0 0 0-15.3 0zM571.6 251.47L488 182.56V44.05a12 12 0 0 0-12-12h-56a12 12 0 0 0-12 12v72.61L318.47 43a48 48 0 0 0-61 0L4.34 251.47a12 12 0 0 0-1.6 16.9l25.5 31A12 12 0 0 0 45.15 301l235.22-193.74a12.19 12.19 0 0 1 15.3 0L530.9 301a12 12 0 0 0 16.9-1.6l25.5-31a12 12 0 0 0-1.7-16.93z\"><\/path><\/svg>\t\t\t\t\t\t<\/span>\n\t\t\t\t\t\t\t\t\t\t<span class=\"elementor-icon-list-text\">Lar<\/span>\n\t\t\t\t\t\t\t\t\t\t\t<\/a>\n\t\t\t\t\t\t\t\t\t<\/li>\n\t\t\t\t\t\t\t\t<li class=\"elementor-icon-list-item elementor-inline-item\">\n\t\t\t\t\t\t\t\t\t\t\t<span class=\"elementor-icon-list-icon\">\n\t\t\t\t\t\t\t<svg aria-hidden=\"true\" class=\"e-font-icon-svg e-fas-chevron-right\" viewbox=\"0 0 320 512\" xmlns=\"http:\/\/www.w3.org\/2000\/svg\"><path d=\"M285.476 272.971L91.132 467.314c-9.373 9.373-24.569 9.373-33.941 0l-22.667-22.667c-9.357-9.357-9.375-24.522-.04-33.901L188.505 256 34.484 101.255c-9.335-9.379-9.317-24.544.04-33.901l22.667-22.667c9.373-9.373 24.569-9.373 33.941 0L285.475 239.03c9.373 9.372 9.373 24.568.001 33.941z\"><\/path><\/svg>\t\t\t\t\t\t<\/span>\n\t\t\t\t\t\t\t\t\t\t<span class=\"elementor-icon-list-text\">Pol\u00edtica de reembolso<\/span>\n\t\t\t\t\t\t\t\t\t<\/li>\n\t\t\t\t\t\t<\/ul>\n\t\t\t\t\t\t<\/div>\n\t\t\t\t\t<\/div>\n\t\t\t\t<\/div>\n\t\t<div class=\"elementor-element elementor-element-187cb64 e-flex e-con-boxed e-con e-parent\" data-id=\"187cb64\" data-element_type=\"container\" data-e-type=\"container\">\n\t\t\t\t\t<div class=\"e-con-inner\">\n\t\t\t\t<div class=\"elementor-element elementor-element-7e5ea58 elementor-widget elementor-widget-text-editor\" data-id=\"7e5ea58\" data-element_type=\"widget\" data-e-type=\"widget\" data-widget_type=\"text-editor.default\">\n\t\t\t\t\t\t\t\t\t<div class=\"elementor-element elementor-element-af0b8a7 elementor-widget elementor-widget-heading\" data-id=\"af0b8a7\" data-element_type=\"widget\" data-widget_type=\"heading.default\">\u00a0<\/div><div class=\"elementor-element elementor-element-16c55df elementor-widget elementor-widget-text-editor\" data-id=\"16c55df\" data-element_type=\"widget\" data-widget_type=\"text-editor.default\"><p>At <strong>Shandong Da ao Ind\u00fastria de Madeira Co., Ltd.<\/strong>, n\u00f3s nos esfor\u00e7amos para fornecer produtos de alta qualidade e excelente atendimento ao cliente Entendemos que \u00e0s vezes um produto pode n\u00e3o atender \u00e0s suas expectativas Em tal evento, oferecemos uma pol\u00edtica de reembolso que permite que voc\u00ea devolva o produto dentro de um determinado per\u00edodo de tempo a partir da data de compra.<\/p><p>Observe que n\u00e3o podemos fazer nenhuma promessa ou garantia sobre o resultado de qualquer produto que oferecemos N\u00f3s nos esfor\u00e7amos para fornecer produtos de alta qualidade, mas o sucesso de qualquer produto depende de v\u00e1rios fatores que est\u00e3o fora do nosso controle Portanto, n\u00e3o podemos oferecer reembolsos com base no resultado de qualquer produto.<\/p><h5>Nossa pol\u00edtica de reembolso \u00e9 a seguinte:<\/h5><p>Se voc\u00ea n\u00e3o estiver satisfeito com o produto, poder\u00e1 ser eleg\u00edvel para devolu\u00e7\u00e3o.<\/p><p>Para iniciar uma devolu\u00e7\u00e3o, entre em contato conosco pelo e-mail <strong><a href=\"mailto:daaomuye@gmail.com\">daaomuye@gmail.com<\/a><\/strong><\/p><p>O produto deve estar na embalagem original e em novas condi\u00e7\u00f5es para ser eleg\u00edvel para devolu\u00e7\u00e3o.<\/p><p>As taxas de envio e manuseio n\u00e3o s\u00e3o reembols\u00e1veis.<\/p><p>Assim que recebermos o produto, iremos avali\u00e1-lo e determinar se um retorno \u00e9 apropriado.<\/p><p>Observe que nos reservamos o direito de recusar uma devolu\u00e7\u00e3o se o produto n\u00e3o atender aos nossos crit\u00e9rios de pol\u00edtica de devolu\u00e7\u00e3o.<\/p><p>Se voc\u00ea tiver alguma d\u00favida ou preocupa\u00e7\u00e3o sobre nossa pol\u00edtica de reembolso, n\u00e3o hesite em nos contatar em <strong><a href=\"mailto:daaomuye@gmail.com\">daaomuye@gmail.com<\/a><\/strong><\/p><\/div>\t\t\t\t\t\t\t\t<\/div>\n\t\t\t\t\t<\/div>\n\t\t\t\t<\/div>\n\t\t\t\t<\/div>","protected":false},"excerpt":{"rendered":"<p>Refund Policy Home Refund Policy \u00a0 At Shandong Da ao Wood Industry Co., Ltd., we strive to provide high-quality products and excellent customer service. We understand that sometimes a product may not meet your expectations. In such an event, we offer a refund policy that allows you to return the product within a certain period [&hellip;]<\/p>\n","protected":false},"author":1,"featured_media":0,"parent":0,"menu_order":0,"comment_status":"closed","ping_status":"closed","template":"","meta":{"footnotes":""},"class_list":["post-345","page","type-page","status-publish","hentry"],"_links":{"self":[{"href":"https:\/\/daaowoodlndustry.com\/pt\/wp-json\/wp\/v2\/pages\/345","targetHints":{"allow":["GET"]}}],"collection":[{"href":"https:\/\/daaowoodlndustry.com\/pt\/wp-json\/wp\/v2\/pages"}],"about":[{"href":"https:\/\/daaowoodlndustry.com\/pt\/wp-json\/wp\/v2\/types\/page"}],"author":[{"embeddable":true,"href":"https:\/\/daaowoodlndustry.com\/pt\/wp-json\/wp\/v2\/users\/1"}],"replies":[{"embeddable":true,"href":"https:\/\/daaowoodlndustry.com\/pt\/wp-json\/wp\/v2\/comments?post=345"}],"version-history":[{"count":1,"href":"https:\/\/daaowoodlndustry.com\/pt\/wp-json\/wp\/v2\/pages\/345\/revisions"}],"predecessor-version":[{"id":1233,"href":"https:\/\/daaowoodlndustry.com\/pt\/wp-json\/wp\/v2\/pages\/345\/revisions\/1233"}],"wp:attachment":[{"href":"https:\/\/daaowoodlndustry.com\/pt\/wp-json\/wp\/v2\/media?parent=345"}],"curies":[{"name":"wp","href":"https:\/\/api.w.org\/{rel}","templated":true}]}}