{"id":339,"date":"2026-01-09T03:35:58","date_gmt":"2026-01-09T03:35:58","guid":{"rendered":"https:\/\/daaowoodlndustry.com\/?page_id=339"},"modified":"2026-01-22T09:22:52","modified_gmt":"2026-01-22T09:22:52","slug":"shipping-policy","status":"publish","type":"page","link":"https:\/\/daaowoodlndustry.com\/pt\/shipping-policy\/","title":{"rendered":"Pol\u00edtica de Envio"},"content":{"rendered":"<div data-elementor-type=\"wp-page\" data-elementor-id=\"339\" class=\"elementor elementor-339\" data-elementor-post-type=\"page\">\n\t\t\t\t<div class=\"elementor-element elementor-element-63a1240 e-flex e-con-boxed e-con e-parent\" data-id=\"63a1240\" data-element_type=\"container\" data-e-type=\"container\" data-settings=\"{&quot;background_background&quot;:&quot;classic&quot;}\">\n\t\t\t\t\t<div class=\"e-con-inner\">\n\t\t\t\t<div class=\"elementor-element elementor-element-edb0b15 elementor-widget elementor-widget-heading\" data-id=\"edb0b15\" data-element_type=\"widget\" data-e-type=\"widget\" data-widget_type=\"heading.default\">\n\t\t\t\t\t<h2 class=\"elementor-heading-title elementor-size-default\">Pol\u00edtica de Envio<\/h2>\t\t\t\t<\/div>\n\t\t\t\t<div class=\"elementor-element elementor-element-72b845f elementor-icon-list--layout-inline elementor-list-item-link-full_width elementor-widget elementor-widget-icon-list\" data-id=\"72b845f\" data-element_type=\"widget\" data-e-type=\"widget\" data-widget_type=\"icon-list.default\">\n\t\t\t\t\t\t\t<ul class=\"elementor-icon-list-items elementor-inline-items\">\n\t\t\t\t\t\t\t<li class=\"elementor-icon-list-item elementor-inline-item\">\n\t\t\t\t\t\t\t\t\t\t\t<a href=\"https:\/\/daaowoodlndustry.com\/pt\/home\/\">\n\n\t\t\t\t\t\t\t\t\t\t\t\t<span class=\"elementor-icon-list-icon\">\n\t\t\t\t\t\t\t<svg aria-hidden=\"true\" class=\"e-font-icon-svg e-fas-home\" viewbox=\"0 0 576 512\" xmlns=\"http:\/\/www.w3.org\/2000\/svg\"><path d=\"M280.37 148.26L96 300.11V464a16 16 0 0 0 16 16l112.06-.29a16 16 0 0 0 15.92-16V368a16 16 0 0 1 16-16h64a16 16 0 0 1 16 16v95.64a16 16 0 0 0 16 16.05L464 480a16 16 0 0 0 16-16V300L295.67 148.26a12.19 12.19 0 0 0-15.3 0zM571.6 251.47L488 182.56V44.05a12 12 0 0 0-12-12h-56a12 12 0 0 0-12 12v72.61L318.47 43a48 48 0 0 0-61 0L4.34 251.47a12 12 0 0 0-1.6 16.9l25.5 31A12 12 0 0 0 45.15 301l235.22-193.74a12.19 12.19 0 0 1 15.3 0L530.9 301a12 12 0 0 0 16.9-1.6l25.5-31a12 12 0 0 0-1.7-16.93z\"><\/path><\/svg>\t\t\t\t\t\t<\/span>\n\t\t\t\t\t\t\t\t\t\t<span class=\"elementor-icon-list-text\">Lar<\/span>\n\t\t\t\t\t\t\t\t\t\t\t<\/a>\n\t\t\t\t\t\t\t\t\t<\/li>\n\t\t\t\t\t\t\t\t<li class=\"elementor-icon-list-item elementor-inline-item\">\n\t\t\t\t\t\t\t\t\t\t\t<span class=\"elementor-icon-list-icon\">\n\t\t\t\t\t\t\t<svg aria-hidden=\"true\" class=\"e-font-icon-svg e-fas-chevron-right\" viewbox=\"0 0 320 512\" xmlns=\"http:\/\/www.w3.org\/2000\/svg\"><path d=\"M285.476 272.971L91.132 467.314c-9.373 9.373-24.569 9.373-33.941 0l-22.667-22.667c-9.357-9.357-9.375-24.522-.04-33.901L188.505 256 34.484 101.255c-9.335-9.379-9.317-24.544.04-33.901l22.667-22.667c9.373-9.373 24.569-9.373 33.941 0L285.475 239.03c9.373 9.372 9.373 24.568.001 33.941z\"><\/path><\/svg>\t\t\t\t\t\t<\/span>\n\t\t\t\t\t\t\t\t\t\t<span class=\"elementor-icon-list-text\">Pol\u00edtica de Envio<\/span>\n\t\t\t\t\t\t\t\t\t<\/li>\n\t\t\t\t\t\t<\/ul>\n\t\t\t\t\t\t<\/div>\n\t\t\t\t\t<\/div>\n\t\t\t\t<\/div>\n\t\t<div class=\"elementor-element elementor-element-d3c2f0b e-flex e-con-boxed e-con e-parent\" data-id=\"d3c2f0b\" data-element_type=\"container\" data-e-type=\"container\">\n\t\t\t\t\t<div class=\"e-con-inner\">\n\t\t\t\t<div class=\"elementor-element elementor-element-bb87719 elementor-widget elementor-widget-text-editor\" data-id=\"bb87719\" data-element_type=\"widget\" data-e-type=\"widget\" data-widget_type=\"text-editor.default\">\n\t\t\t\t\t\t\t\t\t<p>At <strong>Shandong Da ao Ind\u00fastria de Madeira Co., Ltd.<\/strong>n\u00f3s nos esfor\u00e7amos para fornecer entrega oportuna e eficiente de nossos produtos aos nossos clientes Enviamos nossos produtos para clientes tanto no mercado interno quanto internacionalmente.<\/p><h5>Envio Dom\u00e9stico:<\/h5><p>Enviamos nossos produtos para a China continental por meio de diversas transportadoras, dependendo do produto e da localiza\u00e7\u00e3o do cliente.<\/p><p>As taxas de envio dom\u00e9stico podem variar dependendo do peso e tamanho do produto, bem como do destino do envio.<\/p><p>O prazo de entrega estimado para remessas dom\u00e9sticas \u00e9 normalmente dentro de 3-7 dias \u00fateis, dependendo da transportadora e do destino do envio.<\/p><h5>Envio Internacional:<\/h5><p>Enviamos nossos produtos para clientes internacionais atrav\u00e9s de diversas transportadoras, dependendo do produto e da localiza\u00e7\u00e3o do cliente.<\/p><p>As taxas de envio internacionais podem variar dependendo do peso e tamanho do produto, bem como do destino do envio.<\/p><p>O prazo de entrega estimado para remessas internacionais varia dependendo da transportadora e do destino do envio Os prazos de entrega podem ser afetados pela alf\u00e2ndega e outros fatores fora do nosso controle.<\/p><p>Observe que n\u00e3o somos respons\u00e1veis por quaisquer direitos aduaneiros, impostos ou taxas que possam ser impostas pelo pa\u00eds de destino. O cliente \u00e9 respons\u00e1vel por tais taxas.<\/p><p>Se voc\u00ea tiver alguma d\u00favida ou preocupa\u00e7\u00e3o sobre o envio, n\u00e3o hesite em nos contatar em <a href=\"mailto:daaomuye@gmail.com\">daaomuye@gmail.com<\/a><\/p>\t\t\t\t\t\t\t\t<\/div>\n\t\t\t\t\t<\/div>\n\t\t\t\t<\/div>\n\t\t\t\t<\/div>","protected":false},"excerpt":{"rendered":"<p>Shipping Policy Home Shipping Policy At Shandong Da ao Wood Industry Co., Ltd.we strive to provide timely and efficient delivery of our products to our customers. We ship our products to customers both domestically and internationally. Domestic Shipping: We ship our products within mainland China via various shipping carriers, depending on the product and the [&hellip;]<\/p>\n","protected":false},"author":1,"featured_media":0,"parent":0,"menu_order":0,"comment_status":"closed","ping_status":"closed","template":"","meta":{"footnotes":""},"class_list":["post-339","page","type-page","status-publish","hentry"],"_links":{"self":[{"href":"https:\/\/daaowoodlndustry.com\/pt\/wp-json\/wp\/v2\/pages\/339","targetHints":{"allow":["GET"]}}],"collection":[{"href":"https:\/\/daaowoodlndustry.com\/pt\/wp-json\/wp\/v2\/pages"}],"about":[{"href":"https:\/\/daaowoodlndustry.com\/pt\/wp-json\/wp\/v2\/types\/page"}],"author":[{"embeddable":true,"href":"https:\/\/daaowoodlndustry.com\/pt\/wp-json\/wp\/v2\/users\/1"}],"replies":[{"embeddable":true,"href":"https:\/\/daaowoodlndustry.com\/pt\/wp-json\/wp\/v2\/comments?post=339"}],"version-history":[{"count":1,"href":"https:\/\/daaowoodlndustry.com\/pt\/wp-json\/wp\/v2\/pages\/339\/revisions"}],"predecessor-version":[{"id":1235,"href":"https:\/\/daaowoodlndustry.com\/pt\/wp-json\/wp\/v2\/pages\/339\/revisions\/1235"}],"wp:attachment":[{"href":"https:\/\/daaowoodlndustry.com\/pt\/wp-json\/wp\/v2\/media?parent=339"}],"curies":[{"name":"wp","href":"https:\/\/api.w.org\/{rel}","templated":true}]}}