{"id":207,"date":"2026-01-08T08:29:54","date_gmt":"2026-01-08T08:29:54","guid":{"rendered":"https:\/\/daaowoodlndustry.com\/?post_type=product&#038;p=207"},"modified":"2026-01-23T08:54:57","modified_gmt":"2026-01-23T08:54:57","slug":"melamine-faced-plywood","status":"publish","type":"product","link":"https:\/\/daaowoodlndustry.com\/fr\/product\/melamine-faced-plywood\/","title":{"rendered":"Contreplaqu\u00e9 m\u00e9lamin\u00e9"},"content":{"rendered":"<div style=\"overflow-x: auto; width: 100%;\">\n<h2 data-start=\"130\" data-end=\"206\"><a href=\"https:\/\/daaowoodlndustry.com\/fr\/product\/melamine-faced-plywood%ef%bc%88mfp%ef%bc%89\/\">Contreplaqu\u00e9 m\u00e9lamin\u00e9<\/a> Panneaux d\u00e9coratifs Premium pour int\u00e9rieurs haut de gamme<\/h2>\n<p data-start=\"208\" data-end=\"554\">Notre <strong data-start=\"212\" data-end=\"238\">Contreplaqu\u00e9 m\u00e9lamin\u00e9<\/strong> les panneaux sont produits en liant du papier m\u00e9lamine de qualit\u00e9 sup\u00e9rieure sur du contreplaqu\u00e9 multicouche sous une chaleur et une pression \u00e9lev\u00e9es. Ce processus de fabrication avanc\u00e9 garantit que la couche de m\u00e9lamine est \u00e9troitement fusionn\u00e9e avec le noyau en contreplaqu\u00e9, ce qui donne un panneau durable et performant avec une qualit\u00e9 de surface constante et une stabilit\u00e9 \u00e0 long terme.<\/p>\n<h3 data-start=\"556\" data-end=\"614\">Fourniture directe en usine pour une livraison stable et fiable<\/h3>\n<p data-start=\"616\" data-end=\"982\">En tant que fabricant direct d'usine, nous contr\u00f4lons l'ensemble du processus de production, de la s\u00e9lection des mati\u00e8res premi\u00e8res \u00e0 l'inspection des panneaux finis. Cela nous permet de fournir une qualit\u00e9 de produit constante, une \u00e9paisseur stable et un approvisionnement fiable pour les commandes \u00e0 long terme. Que vous ayez besoin de petits lots ou d'exp\u00e9ditions \u00e0 grande \u00e9chelle, nous pouvons soutenir la planification de votre projet et la gestion de vos stocks.<\/p>\n<h3 data-start=\"984\" data-end=\"1034\">Noyau haute r\u00e9sistance avec finition de surface \u00e9l\u00e9gante<\/h3>\n<p data-start=\"1036\" data-end=\"1316\">En combinant la r\u00e9sistance structurelle et la stabilit\u00e9 du contreplaqu\u00e9 avec la surface r\u00e9sistante aux rayures et facile \u00e0 nettoyer de la m\u00e9lamine, nos panneaux en contreplaqu\u00e9 de m\u00e9lamine offrent \u00e0 la fois des performances et de l'esth\u00e9tique Le r\u00e9sultat est un panneau d\u00e9coratif qui r\u00e9siste \u00e0 l'usure quotidienne et conserve son aspect haut de gamme au fil du temps.<\/p>\n<h3 data-start=\"1318\" data-end=\"1364\">Des centaines d'options de conception pour n'importe quel projet<\/h3>\n<p data-start=\"1366\" data-end=\"1664\">Avec des centaines de motifs disponibles, y compris des grains de bois r\u00e9alistes, des textures de pierre et des options de couleurs modernes, notre <strong data-start=\"1482\" data-end=\"1508\">Contreplaqu\u00e9 m\u00e9lamin\u00e9<\/strong> est parfait pour les designers et les fabricants qui n\u00e9cessitent des styles divers Ces panneaux aident \u00e0 cr\u00e9er des int\u00e9rieurs sophistiqu\u00e9s sans compromettre la durabilit\u00e9.<\/p>\n<h3 data-start=\"1666\" data-end=\"1733\">Id\u00e9al pour les meubles, les agencements commerciaux et les projets int\u00e9rieurs<\/h3>\n<p data-start=\"1735\" data-end=\"2023\">Ce produit est particuli\u00e8rement adapt\u00e9 \u00e0 la fabrication de meubles haut de gamme, aux agencements commerciaux, aux armoires et aux applications int\u00e9rieures durables. Sa surface imperm\u00e9able et r\u00e9sistante \u00e0 la corrosion le rend id\u00e9al pour les environnements o\u00f9 la propret\u00e9, l\u2019hygi\u00e8ne et les performances \u00e0 long terme sont essentielles.<\/p>\n<h3 data-start=\"2025\" data-end=\"2077\">Options de personnalisation pour r\u00e9pondre aux besoins de votre march\u00e9<\/h3>\n<p data-start=\"2079\" data-end=\"2326\">Nous proposons une personnalisation flexible de la taille, de l'\u00e9paisseur, de la finition de surface et des motifs d\u00e9coratifs. Cela permet aux partenaires d'adapter les produits aux pr\u00e9f\u00e9rences du march\u00e9 local et aux exigences sp\u00e9cifiques du projet, vous permettant ainsi de vous d\u00e9marquer sur des march\u00e9s comp\u00e9titifs.<\/p>\n<p data-start=\"2333\" data-end=\"2666\"><strong data-start=\"2333\" data-end=\"2356\">Informations sur le produit<\/strong><\/p>\n<table style=\"width: 100%; border-collapse: collapse;\">\n<tbody>\n<tr style=\"height: 32.00pt;\">\n<td class=\"et2\" style=\"height: 32.00pt; width: 538.65pt; border-right: .5pt solid #000000;\" colspan=\"4\" width=\"1256\" height=\"74\">Contreplaqu\u00e9 m\u00e9lamin\u00e9<\/td>\n<\/tr>\n<tr style=\"height: 32.00pt;\">\n<td class=\"et5\" style=\"height: 32.00pt;\" height=\"74\">Usage<\/td>\n<td class=\"et5\">Int\u00e9rieur<\/td>\n<td class=\"et5\">Nom de marque<\/td>\n<td class=\"et5\">DA AO<\/td>\n<\/tr>\n<tr style=\"height: 32.00pt;\">\n<td class=\"et6\" style=\"height: 32.00pt;\" height=\"74\">Lieu d&#039;origine<\/td>\n<td class=\"et6\">Shandong, Chine<\/td>\n<td class=\"et6\">race<\/td>\n<td class=\"et6\">bois massif<\/td>\n<\/tr>\n<tr style=\"height: 32.00pt;\">\n<td class=\"et5\" style=\"height: 32.00pt;\" height=\"74\">caract\u00e9ristique<\/td>\n<td class=\"et7\" style=\"width: 192.85pt;\" width=\"449\">Imperm\u00e9able, r\u00e9sistant \u00e0 la corrosion et respectueux de l'environnement.<\/td>\n<td class=\"et7\" style=\"width: 87.85pt;\" width=\"204\">Traitement de surface monocouche<\/td>\n<td class=\"et5\">D\u00e9coration double face<\/td>\n<\/tr>\n<tr style=\"height: 32.00pt;\">\n<td class=\"et8\" style=\"height: 32.00pt; width: 104.10pt;\" width=\"242\" height=\"74\">MOQ<\/td>\n<td class=\"et6\">1*20GP<\/td>\n<td class=\"et6\">Taille<\/td>\n<td class=\"et6\">1220 mm x 2440 mm<\/td>\n<\/tr>\n<tr style=\"height: 32.00pt;\">\n<td class=\"et5\" style=\"height: 32.00pt;\" height=\"74\">Couleur<\/td>\n<td class=\"et5\">Personnalisable<\/td>\n<td class=\"et5\">\u00c9paisseur<\/td>\n<td class=\"et5\">15 mm-25 mm<\/td>\n<\/tr>\n<\/tbody>\n<\/table>\n<\/div>","protected":false},"excerpt":{"rendered":"<p>Nos panneaux en contreplaqu\u00e9 de m\u00e9lamine sont cr\u00e9\u00e9s en liant du papier m\u00e9lamine de qualit\u00e9 sup\u00e9rieure au contreplaqu\u00e9 multicouche sous une chaleur et une pression extr\u00eames.<\/p>\n<p>Cette technologie avanc\u00e9e fusionne la force et la stabilit\u00e9 l\u00e9gendaires du contreplaqu\u00e9 avec la surface r\u00e9sistante aux rayures et facile \u00e0 nettoyer de la m\u00e9lamine, offrant des centaines de designs \u00e9l\u00e9gants, notamment des motifs r\u00e9alistes de grain de bois et de pierre.<\/p>\n<p>C'est le choix ultime pour les meubles haut de gamme, les luminaires commerciaux et les projets d'int\u00e9rieur durables qui exigent \u00e0 la fois de la beaut\u00e9 et des performances durables.<\/p>","protected":false},"featured_media":208,"comment_status":"open","ping_status":"closed","template":"","meta":[],"product_brand":[],"product_cat":[26],"product_tag":[],"class_list":{"0":"post-207","1":"product","2":"type-product","3":"status-publish","4":"has-post-thumbnail","6":"product_cat-plywood","8":"first","9":"instock","10":"shipping-taxable","11":"product-type-simple"},"_links":{"self":[{"href":"https:\/\/daaowoodlndustry.com\/fr\/wp-json\/wp\/v2\/product\/207","targetHints":{"allow":["GET"]}}],"collection":[{"href":"https:\/\/daaowoodlndustry.com\/fr\/wp-json\/wp\/v2\/product"}],"about":[{"href":"https:\/\/daaowoodlndustry.com\/fr\/wp-json\/wp\/v2\/types\/product"}],"replies":[{"embeddable":true,"href":"https:\/\/daaowoodlndustry.com\/fr\/wp-json\/wp\/v2\/comments?post=207"}],"wp:featuredmedia":[{"embeddable":true,"href":"https:\/\/daaowoodlndustry.com\/fr\/wp-json\/wp\/v2\/media\/208"}],"wp:attachment":[{"href":"https:\/\/daaowoodlndustry.com\/fr\/wp-json\/wp\/v2\/media?parent=207"}],"wp:term":[{"taxonomy":"product_brand","embeddable":true,"href":"https:\/\/daaowoodlndustry.com\/fr\/wp-json\/wp\/v2\/product_brand?post=207"},{"taxonomy":"product_cat","embeddable":true,"href":"https:\/\/daaowoodlndustry.com\/fr\/wp-json\/wp\/v2\/product_cat?post=207"},{"taxonomy":"product_tag","embeddable":true,"href":"https:\/\/daaowoodlndustry.com\/fr\/wp-json\/wp\/v2\/product_tag?post=207"}],"curies":[{"name":"wp","href":"https:\/\/api.w.org\/{rel}","templated":true}]}}