{"id":202,"date":"2026-01-08T08:24:47","date_gmt":"2026-01-08T08:24:47","guid":{"rendered":"https:\/\/daaowoodlndustry.com\/?post_type=product&#038;p=202"},"modified":"2026-01-23T06:37:32","modified_gmt":"2026-01-23T06:37:32","slug":"solid-wood-panel-door","status":"publish","type":"product","link":"https:\/\/daaowoodlndustry.com\/fr\/product\/solid-wood-panel-door\/","title":{"rendered":"Porte \u00e0 panneaux en bois massif"},"content":{"rendered":"<div style=\"overflow-x: auto; width: 100%;\">\n<h2 data-start=\"180\" data-end=\"531\"><a href=\"https:\/\/daaowoodlndustry.com\/fr\/product\/solid-wood-door-panel\/\">Porte \u00e0 panneaux en bois massif<\/a> Panneaux de porte en bois massif Premium pour portes int\u00e9rieures<\/h2>\n<p data-start=\"180\" data-end=\"531\">Nos portes \u00e0 panneaux en bois massif sont fabriqu\u00e9es \u00e0 partir de bois dur de qualit\u00e9 sup\u00e9rieure en utilisant des techniques de fabrication de pointe pour garantir une beaut\u00e9 naturelle et une durabilit\u00e9 durable. Chaque panneau est soigneusement s\u00e9lectionn\u00e9 et trait\u00e9 pour pr\u00e9server la texture naturelle, le grain et la consistance des couleurs du bois, offrant ainsi une apparence raffin\u00e9e et haut de gamme pour les applications de portes int\u00e9rieures.<\/p>\n<h3 data-start=\"533\" data-end=\"582\">Core Business : Fourniture de panneaux de bois de haute qualit\u00e9<\/h3>\n<p data-start=\"584\" data-end=\"1034\">Nous nous concentrons sur la fourniture de panneaux en bois massif de qualit\u00e9 sup\u00e9rieure comme produit principal, au service des fabricants de portes, des fabricants de meubles et des architectes d'int\u00e9rieur Nos portes \u00e0 panneaux en bois massif sont con\u00e7ues pour r\u00e9sister \u00e0 la d\u00e9formation et \u00e0 la fissuration lors d'une utilisation int\u00e9rieure \u00e0 long terme, garantissant des performances stables dans les maisons d'habitation, les h\u00f4tels, les bureaux et les projets commerciaux. Les panneaux maintiennent une \u00e9paisseur et une structure constantes, ce qui les rend id\u00e9aux pour l'assemblage de portes et le traitement secondaire.<\/p>\n<h3 data-start=\"1036\" data-end=\"1080\">Options flexibles pour diff\u00e9rents types de portes<\/h3>\n<p data-start=\"1082\" data-end=\"1426\">Que vous pr\u00e9f\u00e9riez le luxe des portes en bois tout massif ou le c\u00f4t\u00e9 pratique des portes en bois composite d'ing\u00e9nierie, nos portes \u00e0 panneaux en bois massif offrent des solutions flexibles pour chaque besoin des chambres aux salles de bains aux grandes entr\u00e9es Avec des couleurs et des finitions de surface personnalisables, ces panneaux peuvent correspondre \u00e0 un large \u00e9ventail de styles de design et de th\u00e8mes int\u00e9rieurs.<\/p>\n<h3 data-start=\"1428\" data-end=\"1465\">Portes en bois massif finies en option<\/h3>\n<p data-start=\"1467\" data-end=\"1827\">Bien que notre activit\u00e9 principale consiste \u00e0 vendre des panneaux de bois de haute qualit\u00e9, nous soutenons \u00e9galement les clients qui ont besoin de portes finies en bois massif. Si n\u00e9cessaire, nous pouvons fournir des portes en bois massif pr\u00eates \u00e0 installer pour respecter les d\u00e9lais du projet et simplifier les achats. Cette approche flexible aide les partenaires \u00e0 choisir la meilleure solution en fonction de leur capacit\u00e9 de production et des exigences du projet.<\/p>\n<h3 data-start=\"1829\" data-end=\"1886\">Isolation phonique, s\u00e9curit\u00e9 et mat\u00e9riaux respectueux de l'environnement<\/h3>\n<p data-start=\"1888\" data-end=\"2247\">Toutes nos portes \u00e0 panneaux en bois massif pr\u00e9sentent une excellente isolation phonique, une s\u00e9curit\u00e9 renforc\u00e9e et des mat\u00e9riaux respectueux de l'environnement qui r\u00e9pondent aux normes de qualit\u00e9 internationales. Cela les rend id\u00e9aux pour cr\u00e9er des environnements int\u00e9rieurs calmes, confortables et s\u00fbrs. Avec des sp\u00e9cifications coh\u00e9rentes et une structure stable, nos panneaux offrent des performances fiables tout au long de leur utilisation \u00e0 long terme.<\/p>\n<h3 data-start=\"2334\" data-end=\"2357\">Informations sur le produit<\/h3>\n<table style=\"width: 100%; border-collapse: collapse;\">\n<tbody>\n<tr style=\"height: 34.00pt;\">\n<td class=\"et2\" style=\"height: 34.00pt; width: 538.65pt;\" colspan=\"4\" width=\"1256\" height=\"79\">Panneau de porte en bois massif<\/td>\n<\/tr>\n<tr style=\"height: 33.00pt;\">\n<td class=\"et3\" style=\"height: 33.00pt;\" height=\"77\">Usage<\/td>\n<td class=\"et3\">Int\u00e9rieur<\/td>\n<td class=\"et3\">Nom de marque<\/td>\n<td class=\"et3\">DA AO<\/td>\n<\/tr>\n<tr style=\"height: 33.00pt;\">\n<td class=\"et4\" style=\"height: 33.00pt;\" height=\"77\">Lieu d&#039;origine<\/td>\n<td class=\"et4\">Shandong, Chine<\/td>\n<td class=\"et4\">race<\/td>\n<td class=\"et4\">bois massif<\/td>\n<\/tr>\n<tr style=\"height: 33.00pt;\">\n<td class=\"et3\" style=\"height: 33.00pt;\" height=\"77\">caract\u00e9ristique<\/td>\n<td class=\"et3\">Isolation phonique<\/td>\n<td class=\"et3\">mod\u00e8le<\/td>\n<td class=\"et3\">Portes amorc\u00e9es<\/td>\n<\/tr>\n<tr style=\"height: 33.00pt;\">\n<td class=\"et4\" style=\"height: 33.00pt;\" height=\"77\">Mat\u00e9riaux principaux<\/td>\n<td class=\"et4\">placage en bois massif<\/td>\n<td class=\"et4\">Couleur<\/td>\n<td class=\"et4\">Personnalisable<\/td>\n<\/tr>\n<\/tbody>\n<\/table>\n<\/div>","protected":false},"excerpt":{"rendered":"<p data-start=\"75\" data-end=\"388\">Nos portes en bois massif sont fabriqu\u00e9es \u00e0 partir de bois dur de qualit\u00e9 sup\u00e9rieure et trait\u00e9es \u00e0 l'aide d'une technologie de fabrication avanc\u00e9e, garantissant une beaut\u00e9 naturelle des grains et une durabilit\u00e9 durable. Chaque panneau de porte est soigneusement s\u00e9lectionn\u00e9 et fabriqu\u00e9 pour conserver une texture et une couleur coh\u00e9rentes, offrant une finition haut de gamme pour les applications int\u00e9rieures.<\/p>\n<p data-start=\"390\" data-end=\"712\">Que vous ayez besoin de portes luxueuses en bois enti\u00e8rement massif ou de portes composites en bois d'ing\u00e9nierie rentables, nous proposons des options flexibles pour faire correspondre n'importe quel projet, des chambres et salles de bains aux grandes entr\u00e9es. Notre gamme de produits prend en charge \u00e0 la fois les solutions d'alimentation en panneaux et de portes finies, vous permettant de choisir en fonction de vos besoins de production.<\/p>\n<p data-start=\"714\" data-end=\"969\">Tous nos panneaux de porte et nos portes finies offrent une excellente isolation phonique, une s\u00e9curit\u00e9 renforc\u00e9e et des mat\u00e9riaux respectueux de l'environnement qui sont conformes aux normes de qualit\u00e9 internationales. Cela les rend id\u00e9aux pour cr\u00e9er des environnements int\u00e9rieurs calmes, confortables et s\u00fbrs.<\/p>","protected":false},"featured_media":205,"comment_status":"open","ping_status":"closed","template":"","meta":[],"product_brand":[],"product_cat":[27],"product_tag":[],"class_list":{"0":"post-202","1":"product","2":"type-product","3":"status-publish","4":"has-post-thumbnail","6":"product_cat-solid-wood-board","8":"first","9":"instock","10":"shipping-taxable","11":"product-type-simple"},"_links":{"self":[{"href":"https:\/\/daaowoodlndustry.com\/fr\/wp-json\/wp\/v2\/product\/202","targetHints":{"allow":["GET"]}}],"collection":[{"href":"https:\/\/daaowoodlndustry.com\/fr\/wp-json\/wp\/v2\/product"}],"about":[{"href":"https:\/\/daaowoodlndustry.com\/fr\/wp-json\/wp\/v2\/types\/product"}],"replies":[{"embeddable":true,"href":"https:\/\/daaowoodlndustry.com\/fr\/wp-json\/wp\/v2\/comments?post=202"}],"wp:featuredmedia":[{"embeddable":true,"href":"https:\/\/daaowoodlndustry.com\/fr\/wp-json\/wp\/v2\/media\/205"}],"wp:attachment":[{"href":"https:\/\/daaowoodlndustry.com\/fr\/wp-json\/wp\/v2\/media?parent=202"}],"wp:term":[{"taxonomy":"product_brand","embeddable":true,"href":"https:\/\/daaowoodlndustry.com\/fr\/wp-json\/wp\/v2\/product_brand?post=202"},{"taxonomy":"product_cat","embeddable":true,"href":"https:\/\/daaowoodlndustry.com\/fr\/wp-json\/wp\/v2\/product_cat?post=202"},{"taxonomy":"product_tag","embeddable":true,"href":"https:\/\/daaowoodlndustry.com\/fr\/wp-json\/wp\/v2\/product_tag?post=202"}],"curies":[{"name":"wp","href":"https:\/\/api.w.org\/{rel}","templated":true}]}}