{"id":197,"date":"2026-01-08T08:17:04","date_gmt":"2026-01-08T08:17:04","guid":{"rendered":"https:\/\/daaowoodlndustry.com\/?post_type=product&#038;p=197"},"modified":"2026-01-23T06:23:08","modified_gmt":"2026-01-23T06:23:08","slug":"melamine-faced-particleboard","status":"publish","type":"product","link":"https:\/\/daaowoodlndustry.com\/fr\/product\/melamine-faced-particleboard\/","title":{"rendered":"Panneau de particules m\u00e9lamin\u00e9"},"content":{"rendered":"<div style=\"overflow-x: auto; width: 100%;\">\n<h2 data-start=\"112\" data-end=\"188\"><a href=\"https:\/\/daaowoodlndustry.com\/fr\/product\/melamine-faced-particle-board\/\">Panneau de particules m\u00e9lamin\u00e9<\/a> panneaux de particules durables pour les int\u00e9rieurs modernes<\/h2>\n<p data-start=\"190\" data-end=\"624\">Nos panneaux de particules de m\u00e9lamine sont cr\u00e9\u00e9s en liant du papier m\u00e9lamine de qualit\u00e9 sup\u00e9rieure \u00e0 des panneaux de particules haute densit\u00e9 sous une chaleur et une pression extr\u00eames. Cette m\u00e9thode de production garantit un panneau solide et stable avec une surface lisse qui est pr\u00eate \u00e0 \u00eatre utilis\u00e9e imm\u00e9diatement dans les meubles et les applications int\u00e9rieures. En tant que choix fiable dans les produits de panneaux de particules, nos panneaux \u00e0 face de m\u00e9lamine offrent une \u00e9paisseur et des performances de surface constantes sur de grands lots.<\/p>\n<h3 data-start=\"626\" data-end=\"673\">Look en bois naturel avec des performances sup\u00e9rieures<\/h3>\n<p data-start=\"675\" data-end=\"1172\">Ce processus de fabrication avanc\u00e9 offre l'aspect naturel du bois tout en offrant une r\u00e9sistance sup\u00e9rieure aux rayures, aux taches et \u00e0 l'humidit\u00e9 qui dure des d\u00e9cennies Par rapport aux panneaux de particules ordinaires, les panneaux de particules \u00e0 face de m\u00e9lamine offrent une durabilit\u00e9 am\u00e9lior\u00e9e et un entretien plus facile, ce qui les rend id\u00e9aux pour les environnements int\u00e9rieurs \u00e0 fort trafic. Leur finition de surface stable prend \u00e9galement en charge le traitement secondaire tel que la coupe, les bandes de bord et le per\u00e7age, ce qui aide les fabricants \u00e0 am\u00e9liorer l'efficacit\u00e9 de la production.<\/p>\n<h3 data-start=\"1174\" data-end=\"1211\">Large gamme de couleurs et de motifs<\/h3>\n<p data-start=\"1213\" data-end=\"1706\">Avec plus de 500 couleurs et motifs parmi lesquels choisir, nos panneaux de panneaux de particules permettent aux concepteurs et aux fabricants de correspondre \u00e0 divers styles et tendances Que vous ayez besoin d'un grain de bois classique, d'une couleur unie moderne ou d'une texture d\u00e9corative, notre panneau de particules \u00e0 face m\u00e9lamine offre des options polyvalentes pour l'armoire, les armoires, les meubles et la d\u00e9coration int\u00e9rieure. La large palette de couleurs prend \u00e9galement en charge les projets de personnalisation de toute la maison, permettant une coordination coh\u00e9rente des couleurs entre les diff\u00e9rentes gammes de produits.<\/p>\n<h3 data-start=\"1708\" data-end=\"1761\">Solution rentable pour les projets contemporains<\/h3>\n<p data-start=\"1763\" data-end=\"2253\">En tant que choix pratique et abordable, le panneau de particules \u00e0 face m\u00e9lamine est largement utilis\u00e9 dans les meubles, les armoires et les projets d'int\u00e9rieur contemporains. Ses performances stables, son \u00e9paisseur constante et sa surface lisse le rendent adapt\u00e9 \u00e0 la production de masse et aux commandes de gros volumes, aidant ainsi les partenaires \u00e0 optimiser les co\u00fbts et \u00e0 am\u00e9liorer l'efficacit\u00e9 du projet. De plus, la surface facile \u00e0 nettoyer r\u00e9duit les efforts de maintenance, ce qui en fait un mat\u00e9riau privil\u00e9gi\u00e9 pour les maisons familiales, les bureaux, les h\u00f4tels et les espaces commerciaux.<\/p>\n<h3 data-start=\"2255\" data-end=\"2294\">Approvisionnement fiable et soutien aux partenaires<\/h3>\n<p data-start=\"2296\" data-end=\"2700\">Notre syst\u00e8me de production standardis\u00e9 et notre mod\u00e8le d'approvisionnement direct en usine garantissent un rendement stable et une qualit\u00e9 de produit constante Cela permet aux partenaires de planifier les calendriers d'inventaire et de projet en toute confiance, en particulier pour la coop\u00e9ration \u00e0 long terme. En mettant l'accent sur des performances stables et une livraison fiable, nos produits de panneaux de particules sont con\u00e7us pour r\u00e9pondre aux besoins des march\u00e9s mondiaux et de divers sc\u00e9narios d'application.<\/p>\n<h3 data-start=\"2707\" data-end=\"2730\">Informations sur le produit<\/h3>\n<table style=\"width: 100%; border-collapse: collapse;\">\n<tbody>\n<tr style=\"height: 32.00pt;\">\n<td class=\"et2\" style=\"height: 32.00pt; width: 538.65pt; border-right: .5pt solid #000000;\" colspan=\"4\" width=\"1256\" height=\"74\">Panneau de particules m\u00e9lamin\u00e9<\/td>\n<\/tr>\n<tr style=\"height: 33.00pt;\">\n<td class=\"et5\" style=\"height: 33.00pt;\" height=\"77\">Usage<\/td>\n<td class=\"et5\">Int\u00e9rieur<\/td>\n<td class=\"et5\">Nom de marque<\/td>\n<td class=\"et5\">DA AO<\/td>\n<\/tr>\n<tr style=\"height: 33.00pt;\">\n<td class=\"et6\" style=\"height: 33.00pt;\" height=\"77\">Lieu d&#039;origine<\/td>\n<td class=\"et6\">Shandong, Chine<\/td>\n<td class=\"et6\">Taille<\/td>\n<td class=\"et6\">1220 mm x 2440 mm<\/td>\n<\/tr>\n<tr style=\"height: 33.00pt;\">\n<td class=\"et5\" style=\"height: 33.00pt;\" height=\"77\">Surface<\/td>\n<td class=\"et8\" style=\"width: 192.85pt;\" width=\"449\">papier m\u00e9lamine couch\u00e9, m\u00e9lamine<\/td>\n<td class=\"et5\">Fonctionnalit\u00e9<\/td>\n<td class=\"et8\" style=\"width: 153.85pt;\" width=\"358\">R\u00e9sistant \u00e0 l'humidit\u00e9, surface lisse, pas facilement endommag\u00e9e<\/td>\n<\/tr>\n<tr style=\"height: 33.00pt;\">\n<td class=\"et9\" style=\"height: 33.00pt; width: 104.10pt;\" width=\"242\" height=\"77\">MOQ<\/td>\n<td class=\"et6\">1*20GP<\/td>\n<td class=\"et6\">\u00c9paisseur<\/td>\n<td class=\"et6\">15 mm-25 mm<\/td>\n<\/tr>\n<\/tbody>\n<\/table>\n<\/div>","protected":false},"excerpt":{"rendered":"<div class=\"flex flex-col text-sm pb-25\">\n<article class=\"text-token-text-primary w-full focus:outline-none [--shadow-height:45px] has-data-writing-block:pointer-events-none has-data-writing-block:-mt-(--shadow-height) has-data-writing-block:pt-(--shadow-height) [&amp;:has([data-writing-block])&gt;*]:pointer-events-auto scroll-mt-[calc(var(--header-height)+min(200px,max(70px,20svh)))]\" dir=\"auto\" tabindex=\"-1\" data-turn-id=\"request-6971d520-4eb4-832e-8d70-848a7f8d79cb-72\" data-testid=\"conversation-turn-62\" data-scroll-anchor=\"true\" data-turn=\"assistant\">\n<div class=\"text-base my-auto mx-auto pb-10 [--thread-content-margin:--spacing(4)] @w-sm\/main:[--thread-content-margin:--spacing(6)] @w-lg\/main:[--thread-content-margin:--spacing(16)] px-(--thread-content-margin)\">\n<div class=\"[--thread-content-max-width:40rem] @w-lg\/main:[--thread-content-max-width:48rem] mx-auto max-w-(--thread-content-max-width) flex-1 group\/turn-messages focus-visible:outline-hidden relative flex w-full min-w-0 flex-col agent-turn\" tabindex=\"-1\">\n<div class=\"flex max-w-full flex-col grow\">\n<div class=\"min-h-8 text-message relative flex w-full flex-col items-end gap-2 text-start break-words whitespace-normal [.text-message+&amp;]:mt-1\" dir=\"auto\" data-message-author-role=\"assistant\" data-message-id=\"b2047ca8-9fb2-4935-bc0c-1a09d29be1db\" data-message-model-slug=\"gpt-5-mini\">\n<div class=\"flex w-full flex-col gap-1 empty:hidden first:pt-[1px]\">\n<div class=\"markdown prose dark:prose-invert w-full wrap-break-word light markdown-new-styling\">\n<p data-start=\"47\" data-end=\"312\">Our melamine particleboards are produced by bonding premium melamine paper to high-density particleboard under extreme heat and pressure. This advanced process creates a durable, smooth surface that is ready for immediate use in furniture and interior applications.<\/p>\n<p data-start=\"314\" data-end=\"596\">The result is a natural wood look combined with superior scratch, stain, and moisture resistance that lasts for years. Compared to ordinary particleboard, melamine faced panels provide better durability and easier maintenance, making them ideal for high-traffic indoor environments.<\/p>\n<p data-start=\"598\" data-end=\"907\" data-is-last-node=\"\" data-is-only-node=\"\">With over 500 colors and patterns available, our melamine particleboards are the ideal choice for contemporary furniture, cabinetry, and interior projects. They offer a cost-effective solution without compromising on style or performance, making them suitable for both residential and commercial applications.<\/p>\n<\/div>\n<\/div>\n<\/div>\n<\/div>\n<\/div>\n<\/div>\n<\/article>\n<\/div>\n","protected":false},"featured_media":199,"comment_status":"open","ping_status":"closed","template":"","meta":[],"product_brand":[],"product_cat":[25],"product_tag":[],"class_list":{"0":"post-197","1":"product","2":"type-product","3":"status-publish","4":"has-post-thumbnail","6":"product_cat-particle-board","8":"first","9":"instock","10":"shipping-taxable","11":"product-type-simple"},"_links":{"self":[{"href":"https:\/\/daaowoodlndustry.com\/fr\/wp-json\/wp\/v2\/product\/197","targetHints":{"allow":["GET"]}}],"collection":[{"href":"https:\/\/daaowoodlndustry.com\/fr\/wp-json\/wp\/v2\/product"}],"about":[{"href":"https:\/\/daaowoodlndustry.com\/fr\/wp-json\/wp\/v2\/types\/product"}],"replies":[{"embeddable":true,"href":"https:\/\/daaowoodlndustry.com\/fr\/wp-json\/wp\/v2\/comments?post=197"}],"wp:featuredmedia":[{"embeddable":true,"href":"https:\/\/daaowoodlndustry.com\/fr\/wp-json\/wp\/v2\/media\/199"}],"wp:attachment":[{"href":"https:\/\/daaowoodlndustry.com\/fr\/wp-json\/wp\/v2\/media?parent=197"}],"wp:term":[{"taxonomy":"product_brand","embeddable":true,"href":"https:\/\/daaowoodlndustry.com\/fr\/wp-json\/wp\/v2\/product_brand?post=197"},{"taxonomy":"product_cat","embeddable":true,"href":"https:\/\/daaowoodlndustry.com\/fr\/wp-json\/wp\/v2\/product_cat?post=197"},{"taxonomy":"product_tag","embeddable":true,"href":"https:\/\/daaowoodlndustry.com\/fr\/wp-json\/wp\/v2\/product_tag?post=197"}],"curies":[{"name":"wp","href":"https:\/\/api.w.org\/{rel}","templated":true}]}}