{"id":192,"date":"2026-01-08T08:09:02","date_gmt":"2026-01-08T08:09:02","guid":{"rendered":"https:\/\/daaowoodlndustry.com\/?post_type=product&#038;p=192"},"modified":"2026-01-27T08:50:30","modified_gmt":"2026-01-27T08:50:30","slug":"melamine-double-ribbed-mdf","status":"publish","type":"product","link":"https:\/\/daaowoodlndustry.com\/fr\/product\/melamine-double-ribbed-mdf\/","title":{"rendered":"MDF \u00e0 double nervure m\u00e9lamin\u00e9e"},"content":{"rendered":"<div style=\"overflow-x: auto; width: 100%;\">\n<h2 data-start=\"136\" data-end=\"184\"><a href=\"https:\/\/daaowoodlndustry.com\/fr\/product\/melamine-faced-double-ribbed-ecological-board%ef%bc%88mdf-double-ribbed%ef%bc%89\/\">MDF \u00e0 double nervure m\u00e9lamin\u00e9e<\/a> 'product'<\/h2>\n<p data-start=\"159\" data-end=\"498\">Melamine Double Ribbed MDF est une solution de contreplaqu\u00e9 double renforc\u00e9 de qualit\u00e9 sup\u00e9rieure con\u00e7ue pour les applications int\u00e9rieures hautes performances Cette planche combine un noyau de carton bloc double-c\u0153ur haute densit\u00e9 avec des surfaces en m\u00e9lamine r\u00e9sistant aux rayures, ce qui donne un mat\u00e9riau solide et durable qui r\u00e9pond aux exigences du mobilier moderne et du design int\u00e9rieur.<\/p>\n<p data-start=\"500\" data-end=\"886\">La structure innovante offre une rigidit\u00e9 et une stabilit\u00e9 exceptionnelles, ce qui la rend id\u00e9ale pour les projets o\u00f9 la r\u00e9sistance et l'esth\u00e9tique sont requises Avec une surface en m\u00e9lamine lisse et r\u00e9siliente, cette planche offre une finition raffin\u00e9e qui conserve son apparence m\u00eame apr\u00e8s une utilisation \u00e0 long terme C'est une option fiable pour les environnements qui n\u00e9cessitent des performances constantes et un look de haute qualit\u00e9.<\/p>\n<p data-start=\"888\" data-end=\"1271\">En plus de sa r\u00e9sistance, la planche fournit \u00e9galement une surface de panneau coh\u00e9rente et stable qui est facile \u00e0 traiter La conception \u00e0 double nervure am\u00e9liore l'int\u00e9grit\u00e9 structurelle, aidant \u00e0 r\u00e9duire la d\u00e9formation et \u00e0 maintenir la forme au fil du temps Cette stabilit\u00e9 est particuli\u00e8rement importante pour la fabrication d'armoires et de meubles, o\u00f9 la pr\u00e9cision dimensionnelle est critique pour l'assemblage et l'installation.<\/p>\n<h2 data-start=\"868\" data-end=\"913\">Caract\u00e9ristiques cl\u00e9s du MDF \u00e0 double nervure en m\u00e9lamine<\/h2>\n<p data-start=\"915\" data-end=\"1268\">Le MDF \u00e0 double nervure en m\u00e9lamine est con\u00e7u pour offrir une r\u00e9sistance et une durabilit\u00e9 sup\u00e9rieures. La conception du panneau de blocage \u00e0 double noyau am\u00e9liore la r\u00e9sistance \u00e0 la flexion, offrant des performances de portance plus fiables que le contreplaqu\u00e9 standard. Cela rend le panneau particuli\u00e8rement adapt\u00e9 aux applications d'armoires haut de gamme, de fabrication de meubles et d'affichage commercial.<\/p>\n<p data-start=\"1270\" data-end=\"1566\">Le rev\u00eatement de m\u00e9lamine sur la surface est r\u00e9sistant aux rayures et lisse, ce qui aide \u00e0 prot\u00e9ger la planche de l'usure quotidienne et des dommages Cette combinaison de r\u00e9sistance structurelle et de r\u00e9silience de surface garantit que le MDF \u00e0 double nervure de m\u00e9lamine fonctionne bien dans les environnements r\u00e9sidentiels et commerciaux.<\/p>\n<h2 data-start=\"1573\" data-end=\"1625\">Applications id\u00e9ales pour le MDF \u00e0 double nervure en m\u00e9lamine<\/h2>\n<p data-start=\"2385\" data-end=\"2462\">Cette carte est bien adapt\u00e9e \u00e0 une large gamme d'applications int\u00e9rieures, notamment<\/p>\n<ul data-start=\"2464\" data-end=\"2702\">\n<li data-start=\"2464\" data-end=\"2508\">\n<p data-start=\"2466\" data-end=\"2508\">Armoires et meubles de cuisine haut de gamme<\/p>\n<\/li>\n<li data-start=\"2509\" data-end=\"2557\">\n<p data-start=\"2511\" data-end=\"2557\">Unit\u00e9s d'affichage commerciales et agencements de vente au d\u00e9tail<\/p>\n<\/li>\n<li data-start=\"2558\" data-end=\"2598\">\n<p data-start=\"2560\" data-end=\"2598\">Mobilier de bureau et syst\u00e8mes de rangement<\/p>\n<\/li>\n<li data-start=\"2599\" data-end=\"2652\">\n<p data-start=\"2601\" data-end=\"2652\">Projets d'h\u00f4tel, de salle d'exposition et de d\u00e9coration int\u00e9rieure<\/p>\n<\/li>\n<li data-start=\"2653\" data-end=\"2702\">\n<p data-start=\"2655\" data-end=\"2702\">Mobilier domestique personnalis\u00e9 et cloisons int\u00e9rieures<\/p>\n<\/li>\n<\/ul>\n<p data-start=\"2704\" data-end=\"3036\">Ses performances \u00e9quilibr\u00e9es en font un choix fiable pour les concepteurs, les fabricants et les entrepreneurs de projet qui ont besoin d'un mat\u00e9riau de planche durable et attrayant, qu'il soit utilis\u00e9 dans des environnements r\u00e9sidentiels ou commerciaux, il offre une combinaison de r\u00e9sistance, d'apparence et de facilit\u00e9 de traitement qui prend en charge une production et une installation efficaces.<\/p>\n<p data-start=\"3038\" data-end=\"3347\">Pour les projets qui n\u00e9cessitent une stabilit\u00e9 \u00e9lev\u00e9e et des performances durables, ce mat\u00e9riau offre une option fiable. Sa structure renforc\u00e9e et sa surface r\u00e9sistante aux rayures le rendent bien adapt\u00e9 aux zones qui connaissent une utilisation fr\u00e9quente, garantissant que les meubles et les \u00e9l\u00e9ments int\u00e9rieurs conservent leur qualit\u00e9 au fil du temps.<\/p>\n<h2 data-start=\"2167\" data-end=\"2192\">Sp\u00e9cifications du produit<\/h2>\n<table style=\"width: 100%; border-collapse: collapse;\">\n<tbody>\n<tr style=\"height: 36.00pt;\">\n<td class=\"et2\" style=\"height: 36.00pt; width: 538.65pt; border-right: .5pt solid #000000;\" colspan=\"4\" width=\"1256\" height=\"84\">MDF \u00e0 double c\u00f4te<\/td>\n<\/tr>\n<tr style=\"height: 36.00pt;\">\n<td class=\"et5\" style=\"height: 36.00pt;\" height=\"84\">Usage<\/td>\n<td class=\"et5\">Int\u00e9rieur<\/td>\n<td class=\"et5\">Nom de marque<\/td>\n<td class=\"et5\">DA AO<\/td>\n<\/tr>\n<tr style=\"height: 36.00pt;\">\n<td class=\"et6\" style=\"height: 36.00pt;\" height=\"84\">Lieu d&#039;origine<\/td>\n<td class=\"et6\">Shandong, Chine<\/td>\n<td class=\"et6\">Taille<\/td>\n<td class=\"et6\">1220 mm x 2440 mm<\/td>\n<\/tr>\n<tr style=\"height: 36.00pt;\">\n<td class=\"et5\" style=\"height: 36.00pt;\" height=\"84\">Surface<\/td>\n<td class=\"et8\" style=\"width: 192.85pt;\" width=\"449\">papier m\u00e9lamine couch\u00e9, m\u00e9lamine<\/td>\n<td class=\"et5\">Fonctionnalit\u00e9<\/td>\n<td class=\"et8\" style=\"width: 153.85pt;\" width=\"358\">R\u00e9sistant \u00e0 l'humidit\u00e9, surface lisse, pas facilement endommag\u00e9e<\/td>\n<\/tr>\n<tr style=\"height: 36.00pt;\">\n<td class=\"et9\" style=\"height: 36.00pt; width: 104.10pt;\" width=\"242\" height=\"84\">MOQ<\/td>\n<td class=\"et6\">1*20GP<\/td>\n<td class=\"et6\">\u00c9paisseur<\/td>\n<td class=\"et6\">15 mm-25 mm<\/td>\n<\/tr>\n<\/tbody>\n<\/table>\n<h2 data-start=\"2517\" data-end=\"2541\">Avantage Comp\u00e9titif<\/h2>\n<p data-start=\"3730\" data-end=\"4028\">Compar\u00e9 au contreplaqu\u00e9 standard, cette planche offre plus de 201TP3 T de r\u00e9sistance \u00e0 la flexion plus \u00e9lev\u00e9e, offrant de meilleures performances structurelles dans les applications exigeantes La r\u00e9sistance \u00e0 la flexion plus \u00e9lev\u00e9e, combin\u00e9e \u00e0 une surface r\u00e9sistante aux rayures, en fait une option pratique et rentable pour divers projets int\u00e9rieurs.<\/p>\n<p data-start=\"4030\" data-end=\"4327\">La conception garantit \u00e0 la fois des performances \u00e9lev\u00e9es et un prix comp\u00e9titif, ce qui la rend adapt\u00e9e aux installations de fabrication et commerciales \u00e0 grande \u00e9chelle. Sa r\u00e9sistance \u00e0 la flexion am\u00e9lior\u00e9e et sa structure stable soutiennent \u00e9galement une durabilit\u00e9 \u00e0 long terme, r\u00e9duisant ainsi le besoin de remplacements et d'entretien fr\u00e9quents.<\/p>\n<\/div>","protected":false},"excerpt":{"rendered":"<p>Notre contreplaqu\u00e9 double renforc\u00e9 de m\u00e9lamine de qualit\u00e9 sup\u00e9rieure combine un panneau de blocage double noyau haute densit\u00e9 avec des surfaces en m\u00e9lamine r\u00e9sistantes aux rayures.<\/p>\n<p>Ce design innovant offre une rigidit\u00e9 et une durabilit\u00e9 exceptionnelles, ce qui le rend parfait pour les armoires, les meubles et les pr\u00e9sentoirs commerciaux haut de gamme.<\/p>\n<p>Avec plus de 201TP3 T de r\u00e9sistance \u00e0 la flexion sup\u00e9rieure \u00e0 celle du contreplaqu\u00e9 standard, il offre des performances sup\u00e9rieures \u00e0 un prix comp\u00e9titif.<\/p>","protected":false},"featured_media":195,"comment_status":"open","ping_status":"closed","template":"","meta":[],"product_brand":[],"product_cat":[24],"product_tag":[],"class_list":{"0":"post-192","1":"product","2":"type-product","3":"status-publish","4":"has-post-thumbnail","6":"product_cat-eco-friendly-board","8":"first","9":"instock","10":"shipping-taxable","11":"product-type-simple"},"_links":{"self":[{"href":"https:\/\/daaowoodlndustry.com\/fr\/wp-json\/wp\/v2\/product\/192","targetHints":{"allow":["GET"]}}],"collection":[{"href":"https:\/\/daaowoodlndustry.com\/fr\/wp-json\/wp\/v2\/product"}],"about":[{"href":"https:\/\/daaowoodlndustry.com\/fr\/wp-json\/wp\/v2\/types\/product"}],"replies":[{"embeddable":true,"href":"https:\/\/daaowoodlndustry.com\/fr\/wp-json\/wp\/v2\/comments?post=192"}],"wp:featuredmedia":[{"embeddable":true,"href":"https:\/\/daaowoodlndustry.com\/fr\/wp-json\/wp\/v2\/media\/195"}],"wp:attachment":[{"href":"https:\/\/daaowoodlndustry.com\/fr\/wp-json\/wp\/v2\/media?parent=192"}],"wp:term":[{"taxonomy":"product_brand","embeddable":true,"href":"https:\/\/daaowoodlndustry.com\/fr\/wp-json\/wp\/v2\/product_brand?post=192"},{"taxonomy":"product_cat","embeddable":true,"href":"https:\/\/daaowoodlndustry.com\/fr\/wp-json\/wp\/v2\/product_cat?post=192"},{"taxonomy":"product_tag","embeddable":true,"href":"https:\/\/daaowoodlndustry.com\/fr\/wp-json\/wp\/v2\/product_tag?post=192"}],"curies":[{"name":"wp","href":"https:\/\/api.w.org\/{rel}","templated":true}]}}