{"id":187,"date":"2026-01-08T08:08:17","date_gmt":"2026-01-08T08:08:17","guid":{"rendered":"https:\/\/daaowoodlndustry.com\/?post_type=product&#038;p=187"},"modified":"2026-01-23T08:31:50","modified_gmt":"2026-01-23T08:31:50","slug":"oriented-strand-board","status":"publish","type":"product","link":"https:\/\/daaowoodlndustry.com\/fr\/product\/oriented-strand-board\/","title":{"rendered":"Panneau de particules orient\u00e9es"},"content":{"rendered":"<div style=\"overflow-x: auto; width: 100%;\">\n<h2 data-start=\"116\" data-end=\"163\"><a href=\"https:\/\/daaowoodlndustry.com\/fr\/product\/veneer-oriented-strand-board\/\">Panneau de particules orient\u00e9es<\/a> (OSB) Aper\u00e7u du produit<\/h2>\n<p data-start=\"165\" data-end=\"570\">Notre panneau de torons orient\u00e9 pin (OSB) de qualit\u00e9 sup\u00e9rieure est fabriqu\u00e9 en utilisant des billes de pin radiata de haute qualit\u00e9 strictement s\u00e9lectionn\u00e9es comme mati\u00e8re premi\u00e8re Le processus de production comprend le tranchage, le s\u00e9chage et le traitement sp\u00e9cialis\u00e9s avec un adh\u00e9sif MDI \u00e9cologique, suivis d'une technologie de formage orient\u00e9e unique et d'un pressage \u00e0 chaud dans les planches finies Cela garantit une qualit\u00e9 constante et des performances stables des planches dans chaque lot.<\/p>\n<h2 data-start=\"572\" data-end=\"637\">Structure avanc\u00e9e de panneaux de brins orient\u00e9s pour une r\u00e9sistance am\u00e9lior\u00e9e<\/h2>\n<p data-start=\"639\" data-end=\"1004\">Le panneau de torons orient\u00e9s pr\u00e9sente une configuration structurelle entrecrois\u00e9e avec des couches sup\u00e9rieures et inf\u00e9rieures longitudinales et une couche centrale transversale Cette conception offre une excellente r\u00e9sistance \u00e0 la flexion, une stabilit\u00e9 dimensionnelle et une capacit\u00e9 de maintien de vis sup\u00e9rieure Par rapport aux panneaux de bois traditionnels, notre OSB offre une r\u00e9sistance plus uniforme et des performances structurelles fiables.<\/p>\n<h2 data-start=\"1006\" data-end=\"1061\">Alternative rentable pour plusieurs applications<\/h2>\n<p data-start=\"1063\" data-end=\"1420\">En tant qu'alternative rentable au contreplaqu\u00e9 traditionnel, notre panneau \u00e0 copeaux orient\u00e9s convient \u00e0 un large \u00e9ventail d'applications, notamment les structures de b\u00e2timents, la d\u00e9coration int\u00e9rieure, les emballages industriels et la fabrication de meubles sur mesure. Il est particuli\u00e8rement adapt\u00e9 aux sc\u00e9narios n\u00e9cessitant des performances de portance stables, une plan\u00e9it\u00e9 et une utilisation fiable \u00e0 long terme.<\/p>\n<h2 data-start=\"1422\" data-end=\"1471\">Sc\u00e9narios d'application du tableau de bord orient\u00e9<\/h2>\n<h3 data-start=\"1473\" data-end=\"1498\">Structures de B\u00e2timent<\/h3>\n<p data-start=\"1499\" data-end=\"1759\">Le panneau de torons orient\u00e9s est largement utilis\u00e9 dans le rev\u00eatement mural, le platelage de toit, la sous-couche de sol et la charpente structurelle. Sa r\u00e9sistance stable et ses performances dimensionnelles en font un choix fiable pour les projets de construction qui n\u00e9cessitent une capacit\u00e9 portante constante.<\/p>\n<h3 data-start=\"1761\" data-end=\"1786\">D\u00e9coration int\u00e9rieure<\/h3>\n<p data-start=\"1787\" data-end=\"2008\">Pour les projets de d\u00e9coration int\u00e9rieure, OSB peut \u00eatre utilis\u00e9 pour les panneaux muraux, les panneaux de s\u00e9paration et les structures d\u00e9coratives Sa texture en bois naturel peut \u00e9galement \u00eatre am\u00e9lior\u00e9e gr\u00e2ce \u00e0 la finition de surface pour des conceptions modernes de style industriel.<\/p>\n<h3 data-start=\"2010\" data-end=\"2036\">Emballage Industriel<\/h3>\n<p data-start=\"2037\" data-end=\"2250\">L'OSB est un mat\u00e9riau id\u00e9al pour les emballages industriels en raison de sa haute r\u00e9sistance et de sa bonne r\u00e9sistance aux chocs Il est couramment utilis\u00e9 pour les caisses, les palettes et les emballages de protection dans les environnements logistiques et de fabrication.<\/p>\n<h3 data-start=\"2252\" data-end=\"2288\">Fabrication de meubles sur mesure<\/h3>\n<p data-start=\"2289\" data-end=\"2501\">Pour les meubles et les armoires personnalis\u00e9s, le panneau \u00e0 copeaux orient\u00e9s offre une structure stable et un traitement facile. Il peut \u00eatre coup\u00e9, perc\u00e9 et fa\u00e7onn\u00e9 efficacement, ce qui le rend adapt\u00e9 \u00e0 la production de masse et aux projets personnalis\u00e9s.<\/p>\n<h2 data-start=\"2503\" data-end=\"2535\">Qualit\u00e9 et Avantages d'approvisionnement<\/h2>\n<p data-start=\"2537\" data-end=\"2794\">Nous soutenons la personnalisation de la taille et de l'\u00e9paisseur pour r\u00e9pondre aux diff\u00e9rentes exigences du projet Avec l'approvisionnement direct en usine, le panneau de torons orient\u00e9s offre une solution comp\u00e9titive pour les partenaires recherchant une qualit\u00e9 constante, des sp\u00e9cifications flexibles et une livraison stable.<\/p>\n<p data-start=\"2796\" data-end=\"3054\">De plus, notre syst\u00e8me de production suit des normes internes strictes pour contr\u00f4ler chaque \u00e9tape de la fabrication De la s\u00e9lection des mati\u00e8res premi\u00e8res \u00e0 l'inspection finale, nous garantissons des performances stables et des sp\u00e9cifications coh\u00e9rentes pour chaque lot de panneaux \u00e0 torons orient\u00e9s.<\/p>\n<h3 data-start=\"3061\" data-end=\"3084\">Informations sur le produit<\/h3>\n<table style=\"width: 100%; border-collapse: collapse;\">\n<tbody>\n<tr style=\"height: 45.00pt;\">\n<td class=\"et2\" style=\"height: 45.00pt; width: 538.65pt; border-right: .5pt solid #000000;\" colspan=\"4\" width=\"1256\" height=\"105\">Planches \u00e0 brins orient\u00e9es (OSB)<\/td>\n<\/tr>\n<tr style=\"height: 45.00pt;\">\n<td class=\"et5\" style=\"height: 45.00pt;\" height=\"105\">Structure de dalle<\/td>\n<td class=\"et5\">Planches \u00e0 brins orient\u00e9es (OSB)<\/td>\n<td class=\"et5\">Usage<\/td>\n<td class=\"et5\">Int\u00e9rieur<\/td>\n<\/tr>\n<tr style=\"height: 45.00pt;\">\n<td class=\"et6\" style=\"height: 45.00pt;\" height=\"105\">Finition de surface<\/td>\n<td class=\"et6\">Fini<\/td>\n<td class=\"et6\">Nom de marque<\/td>\n<td class=\"et6\">DA AO<\/td>\n<\/tr>\n<tr style=\"height: 45.00pt;\">\n<td class=\"et5\" style=\"height: 45.00pt;\" height=\"105\">Lieu d&#039;origine<\/td>\n<td class=\"et5\">Shandong, Chine<\/td>\n<td class=\"et5\">Taille<\/td>\n<td class=\"et5\">1220 mm x 2440 mm<\/td>\n<\/tr>\n<tr style=\"height: 45.00pt;\">\n<td class=\"et7\" style=\"height: 45.00pt; width: 104.10pt;\" width=\"242\" height=\"105\">MOQ<\/td>\n<td class=\"et6\">1*20GP<\/td>\n<td class=\"et6\">\u00c9paisseur<\/td>\n<td class=\"et6\">Accepter la personnalisation<\/td>\n<\/tr>\n<\/tbody>\n<\/table>\n<p>&nbsp;<\/p>\n<\/div>","protected":false},"excerpt":{"rendered":"<p>Notre panneau de torons orient\u00e9 pin (OSB) de qualit\u00e9 sup\u00e9rieure est fabriqu\u00e9 en utilisant des billes de pin radiata de haute qualit\u00e9 strictement s\u00e9lectionn\u00e9es comme mati\u00e8re premi\u00e8re.<\/p>\n<p>Il subit un tranchage sp\u00e9cialis\u00e9, un s\u00e9chage, un traitement avec un adh\u00e9sif MDI \u00e9cologique et une technologie de formage orient\u00e9 unique (couches longitudinales sup\u00e9rieure\/inf\u00e9rieure et couche centrale transversale) avant d'\u00eatre press\u00e9 \u00e0 chaud en planches finies.<\/p>\n<p>Cette configuration structurelle entrecrois\u00e9e conf\u00e8re \u00e0 la planche une r\u00e9sistance \u00e0 la flexion exceptionnelle, une stabilit\u00e9 dimensionnelle et une capacit\u00e9 de maintien de vis exceptionnelle.<\/p>\n<p>Il constitue une alternative id\u00e9ale et rentable au contreplaqu\u00e9 traditionnel pour des applications dans les structures de b\u00e2timents, les d\u00e9corations int\u00e9rieures, les emballages industriels et la fabrication de meubles sur mesure.<\/p>","protected":false},"featured_media":189,"comment_status":"open","ping_status":"closed","template":"","meta":[],"product_brand":[],"product_cat":[22],"product_tag":[],"class_list":{"0":"post-187","1":"product","2":"type-product","3":"status-publish","4":"has-post-thumbnail","6":"product_cat-oriented-strand-board-osb","8":"first","9":"instock","10":"shipping-taxable","11":"product-type-simple"},"_links":{"self":[{"href":"https:\/\/daaowoodlndustry.com\/fr\/wp-json\/wp\/v2\/product\/187","targetHints":{"allow":["GET"]}}],"collection":[{"href":"https:\/\/daaowoodlndustry.com\/fr\/wp-json\/wp\/v2\/product"}],"about":[{"href":"https:\/\/daaowoodlndustry.com\/fr\/wp-json\/wp\/v2\/types\/product"}],"replies":[{"embeddable":true,"href":"https:\/\/daaowoodlndustry.com\/fr\/wp-json\/wp\/v2\/comments?post=187"}],"wp:featuredmedia":[{"embeddable":true,"href":"https:\/\/daaowoodlndustry.com\/fr\/wp-json\/wp\/v2\/media\/189"}],"wp:attachment":[{"href":"https:\/\/daaowoodlndustry.com\/fr\/wp-json\/wp\/v2\/media?parent=187"}],"wp:term":[{"taxonomy":"product_brand","embeddable":true,"href":"https:\/\/daaowoodlndustry.com\/fr\/wp-json\/wp\/v2\/product_brand?post=187"},{"taxonomy":"product_cat","embeddable":true,"href":"https:\/\/daaowoodlndustry.com\/fr\/wp-json\/wp\/v2\/product_cat?post=187"},{"taxonomy":"product_tag","embeddable":true,"href":"https:\/\/daaowoodlndustry.com\/fr\/wp-json\/wp\/v2\/product_tag?post=187"}],"curies":[{"name":"wp","href":"https:\/\/api.w.org\/{rel}","templated":true}]}}