{"id":182,"date":"2026-01-08T07:53:06","date_gmt":"2026-01-08T07:53:06","guid":{"rendered":"https:\/\/daaowoodlndustry.com\/?post_type=product&#038;p=182"},"modified":"2026-01-23T08:39:20","modified_gmt":"2026-01-23T08:39:20","slug":"mdf-medium-density-fiberboard","status":"publish","type":"product","link":"https:\/\/daaowoodlndustry.com\/fr\/product\/mdf-medium-density-fiberboard\/","title":{"rendered":"Panneau de fibres de moyenne densit\u00e9 (MDF)"},"content":{"rendered":"<div style=\"overflow-x: auto; width: 100%;\">\n<h2 data-start=\"160\" data-end=\"238\">Haute qualit\u00e9 <a href=\"https:\/\/daaowoodlndustry.com\/fr\/product\/medium-density-fiberboard%ef%bc%88mdf%ef%bc%89\/\">Panneau de fibres de moyenne densit\u00e9 (MDF)<\/a> pour les applications de panneaux stables<\/h2>\n<p data-start=\"239\" data-end=\"571\">Nos panneaux de fibres de moyenne densit\u00e9 (MDF) sont fabriqu\u00e9s avec soin par pressage \u00e0 chaud de pr\u00e9cision \u00e0 partir de fibres de bois de haute qualit\u00e9. Ce processus de fabrication contr\u00f4l\u00e9 garantit une structure interne dense et homog\u00e8ne ainsi qu&#039;une surface lisse, offrant un mat\u00e9riau de base fiable pour diverses transformations ult\u00e9rieures.<\/p>\n<h3 data-start=\"573\" data-end=\"621\">Surface lisse et excellente finition<\/h3>\n<p data-start=\"622\" data-end=\"941\">Gr\u00e2ce \u00e0 sa densit\u00e9 uniforme et \u00e0 sa texture de surface fine, notre MDF est id\u00e9al pour le placage, la peinture ou l&#039;application directe de colorants. Sa finition lisse le rend parfait pour une d\u00e9coration de surface haut de gamme, permettant aux designers et aux fabricants d&#039;obtenir des bords nets, une couleur homog\u00e8ne et un rendu visuel exceptionnel sur les produits finis.<\/p>\n<h3 data-start=\"943\" data-end=\"1000\">Usinabilit\u00e9 et stabilit\u00e9 dimensionnelle exceptionnelles<\/h3>\n<p data-start=\"1001\" data-end=\"1261\">Reconnu pour son excellente usinabilit\u00e9, notre MDF se d\u00e9coupe, se fa\u00e7onne, se fraise et se perce facilement, avec un minimum d&#039;\u00e9br\u00e9chures. Il conserve des dimensions stables dans le temps, ce qui en fait un mat\u00e9riau de choix pour la fabrication de pr\u00e9cision et une utilisation int\u00e9rieure durable.<\/p>\n<h3 data-start=\"1263\" data-end=\"1319\">Applications polyvalentes pour le mobilier et la d\u00e9coration int\u00e9rieure<\/h3>\n<p data-start=\"1320\" data-end=\"1595\">Ce panneau de fibres de moyenne densit\u00e9 (MDF) est largement utilis\u00e9 dans la fabrication de meubles, la d\u00e9coration int\u00e9rieure, le mobilier d&#039;exposition et les produits sur mesure. Son excellent rapport qualit\u00e9-prix en fait un choix id\u00e9al pour la production en s\u00e9rie comme pour les projets personnalis\u00e9s.<\/p>\n<h3 data-start=\"1597\" data-end=\"1659\">Avantages du choix de nos panneaux de fibres de moyenne densit\u00e9 (MDF)<\/h3>\n<ul data-start=\"1660\" data-end=\"2177\">\n<li data-start=\"1660\" data-end=\"1770\">\n<p data-start=\"1662\" data-end=\"1770\"><strong data-start=\"1662\" data-end=\"1684\">Qualit\u00e9 constante<\/strong>Une densit\u00e9 stable et une structure uniforme garantissent des performances constantes d&#039;un lot \u00e0 l&#039;autre.<\/p>\n<\/li>\n<li data-start=\"1771\" data-end=\"1863\">\n<p data-start=\"1773\" data-end=\"1863\"><strong data-start=\"1773\" data-end=\"1796\">Traitement fiable<\/strong>Usinage et d\u00e9coupe faciles pour une fabrication de composants pr\u00e9cise.<\/p>\n<\/li>\n<li data-start=\"1864\" data-end=\"1951\">\n<p data-start=\"1866\" data-end=\"1951\"><strong data-start=\"1866\" data-end=\"1890\">Haute qualit\u00e9 de surface<\/strong>Finition lisse adapt\u00e9e \u00e0 divers traitements d\u00e9coratifs.<\/p>\n<\/li>\n<li data-start=\"1952\" data-end=\"2074\">\n<p data-start=\"1954\" data-end=\"2074\"><strong data-start=\"1954\" data-end=\"1972\">rentable<\/strong>: Offre un excellent rapport qualit\u00e9-prix par rapport aux alternatives en bois massif tout en conservant des performances fiables.<\/p>\n<\/li>\n<li data-start=\"2075\" data-end=\"2177\">\n<p data-start=\"2077\" data-end=\"2177\"><strong data-start=\"2077\" data-end=\"2098\">durabilit\u00e9 int\u00e9rieure<\/strong>Con\u00e7u pour une utilisation int\u00e9rieure \u00e0 long terme, avec des dimensions stables et une faible d\u00e9formation.<\/p>\n<\/li>\n<\/ul>\n<h3 data-start=\"2179\" data-end=\"2223\">Pourquoi notre MDF est id\u00e9al pour les fabricants<\/h3>\n<p data-start=\"2224\" data-end=\"2547\">Pour les fabricants de meubles, les architectes d&#039;int\u00e9rieur et les fournisseurs de mat\u00e9riaux de construction, notre panneau de fibres de moyenne densit\u00e9 (MDF) est une mati\u00e8re premi\u00e8re fiable qui optimise les flux de production. Il contribue \u00e0 r\u00e9duire les d\u00e9chets lors de la d\u00e9coupe et du fa\u00e7onnage, am\u00e9liore la qualit\u00e9 de la finition de surface et garantit des r\u00e9sultats de fabrication rapides et homog\u00e8nes.<\/p>\n<h3 data-start=\"2549\" data-end=\"2577\">Sp\u00e9cifications du produit<\/h3>\n<table style=\"width: 100%; border-collapse: collapse;\">\n<tbody>\n<tr style=\"height: 34.00pt;\">\n<td class=\"et2\" style=\"height: 34.00pt; width: 538.65pt;\" colspan=\"4\" width=\"1256\" height=\"79\">Panneau de fibres de densit\u00e9 moyenne (MDF)<\/td>\n<\/tr>\n<tr style=\"height: 34.00pt;\">\n<td class=\"et3\" style=\"height: 34.00pt;\" height=\"79\">Mat\u00e9riel<\/td>\n<td class=\"et3\">Peuplier<\/td>\n<td class=\"et3\">Usage<\/td>\n<td class=\"et3\">Int\u00e9rieur<\/td>\n<\/tr>\n<tr style=\"height: 34.00pt;\">\n<td class=\"et5\" style=\"height: 34.00pt;\" height=\"79\">Fonctionnalit\u00e9<\/td>\n<td class=\"et5\">R\u00e9sistant \u00e0 l&#039;eau, r\u00e9sistant au feu<\/td>\n<td class=\"et5\">Nom de marque<\/td>\n<td class=\"et5\">DA AO<\/td>\n<\/tr>\n<tr style=\"height: 34.00pt;\">\n<td class=\"et3\" style=\"height: 34.00pt;\" height=\"79\">Lieu d&#039;origine<\/td>\n<td class=\"et3\">Shandong, Chine<\/td>\n<td class=\"et3\">Taille<\/td>\n<td class=\"et3\">1220 mm x 2440 mm<\/td>\n<\/tr>\n<tr style=\"height: 34.00pt;\">\n<td class=\"et5\" style=\"height: 34.00pt;\" height=\"79\">placage facial<\/td>\n<td class=\"et5\">MDF brut<\/td>\n<td class=\"et5\">\u00c9paisseur<\/td>\n<td class=\"et5\">2,5 mm - 30 mm<\/td>\n<\/tr>\n<tr style=\"height: 34.00pt;\">\n<td class=\"et6\" style=\"height: 34.00pt; width: 104.10pt;\" width=\"242\" height=\"79\">MOQ<\/td>\n<td class=\"et3\">1*20GP<\/td>\n<td class=\"et3\">Densit\u00e9<\/td>\n<td class=\"et3\">600-750 kg\/m\u00b3<\/td>\n<\/tr>\n<\/tbody>\n<\/table>\n<\/div>","protected":false},"excerpt":{"rendered":"<p>Nos panneaux de fibres de moyenne densit\u00e9 (MDF) sont fabriqu\u00e9s avec soin gr\u00e2ce \u00e0 un pressage \u00e0 chaud de pr\u00e9cision utilisant des fibres de bois de haute qualit\u00e9 comme mati\u00e8re premi\u00e8re principale.<\/p>\n<p>Dot\u00e9 d&#039;une structure interne uniform\u00e9ment dense et d&#039;une finition de surface exceptionnellement lisse, il offre un support id\u00e9al pour le placage, la peinture ou l&#039;application directe de couleur.<\/p>\n<p>R\u00e9put\u00e9 pour son excellente adaptabilit\u00e9 \u00e0 l&#039;usinage et sa stabilit\u00e9 dimensionnelle, notre MDF constitue un choix haut de gamme et \u00e9conomique pour la fabrication de meubles en panneaux, de d\u00e9corations int\u00e9rieures, d&#039;accessoires d&#039;exposition et de produits sur mesure.<\/p>","protected":false},"featured_media":183,"comment_status":"open","ping_status":"closed","template":"","meta":[],"product_brand":[],"product_cat":[23],"product_tag":[],"class_list":{"0":"post-182","1":"product","2":"type-product","3":"status-publish","4":"has-post-thumbnail","6":"product_cat-medium-density-fiberboardmdf","8":"first","9":"instock","10":"shipping-taxable","11":"product-type-simple"},"_links":{"self":[{"href":"https:\/\/daaowoodlndustry.com\/fr\/wp-json\/wp\/v2\/product\/182","targetHints":{"allow":["GET"]}}],"collection":[{"href":"https:\/\/daaowoodlndustry.com\/fr\/wp-json\/wp\/v2\/product"}],"about":[{"href":"https:\/\/daaowoodlndustry.com\/fr\/wp-json\/wp\/v2\/types\/product"}],"replies":[{"embeddable":true,"href":"https:\/\/daaowoodlndustry.com\/fr\/wp-json\/wp\/v2\/comments?post=182"}],"wp:featuredmedia":[{"embeddable":true,"href":"https:\/\/daaowoodlndustry.com\/fr\/wp-json\/wp\/v2\/media\/183"}],"wp:attachment":[{"href":"https:\/\/daaowoodlndustry.com\/fr\/wp-json\/wp\/v2\/media?parent=182"}],"wp:term":[{"taxonomy":"product_brand","embeddable":true,"href":"https:\/\/daaowoodlndustry.com\/fr\/wp-json\/wp\/v2\/product_brand?post=182"},{"taxonomy":"product_cat","embeddable":true,"href":"https:\/\/daaowoodlndustry.com\/fr\/wp-json\/wp\/v2\/product_cat?post=182"},{"taxonomy":"product_tag","embeddable":true,"href":"https:\/\/daaowoodlndustry.com\/fr\/wp-json\/wp\/v2\/product_tag?post=182"}],"curies":[{"name":"wp","href":"https:\/\/api.w.org\/{rel}","templated":true}]}}