{"id":174,"date":"2026-01-08T07:46:23","date_gmt":"2026-01-08T07:46:23","guid":{"rendered":"https:\/\/daaowoodlndustry.com\/?post_type=product&#038;p=174"},"modified":"2026-01-27T07:37:08","modified_gmt":"2026-01-27T07:37:08","slug":"melamine-board-osb","status":"publish","type":"product","link":"https:\/\/daaowoodlndustry.com\/fr\/product\/melamine-board-osb\/","title":{"rendered":"Tableau de m\u00e9lamine OSB"},"content":{"rendered":"<div style=\"overflow-x: auto; width: 100%;\">\n<h2 data-start=\"112\" data-end=\"153\"><a href=\"https:\/\/daaowoodlndustry.com\/fr\/product\/melamine-faced-oriented-strand-board%ef%bc%88mfc-osb%ef%bc%89\/\">Tableau de m\u00e9lamine OSB<\/a> Description du produit<\/h2>\n<p data-start=\"155\" data-end=\"429\">Nos panneaux OSB en m\u00e9lamine sont cr\u00e9\u00e9s en liant du papier m\u00e9lamine de qualit\u00e9 sup\u00e9rieure \u00e0 un noyau OSB sous une chaleur et une pression extr\u00eames en un seul processus. Cela garantit une finition de surface stable et durable qui combine la r\u00e9sistance de l'OSB avec les avantages d\u00e9coratifs d'une superposition de m\u00e9lamine.<\/p>\n<p data-start=\"431\" data-end=\"793\">Cette technique innovante fusionne l'int\u00e9grit\u00e9 structurelle exceptionnelle d'OSB avec l'esth\u00e9tique polyvalente de la m\u00e9lamine, ce qui en fait un choix de premier ordre pour les meubles verts contemporains et les projets d'int\u00e9rieur Le syst\u00e8me d'exploitation Melamine Board r\u00e9sultant offre une surface lisse et r\u00e9sistante aux rayures, facile \u00e0 nettoyer et \u00e0 entretenir, tout en offrant des performances fiables pour les applications int\u00e9rieures.<\/p>\n<p data-start=\"795\" data-end=\"1134\">Melamine Board OSB est particuli\u00e8rement adapt\u00e9 pour une utilisation dans les meubles modernes, les armoires, les panneaux muraux et les am\u00e9nagements int\u00e9rieurs o\u00f9 l'apparence et la durabilit\u00e9 sont requises La surface de m\u00e9lamine permet \u00e9galement une vari\u00e9t\u00e9 de motifs et de couleurs, permettant aux concepteurs et aux fabricants de r\u00e9pondre \u00e0 diff\u00e9rentes pr\u00e9f\u00e9rences de style et exigences du projet.<\/p>\n<h2 data-start=\"1141\" data-end=\"1163\">Informations sur le produit<\/h2>\n<table style=\"width: 100%; border-collapse: collapse;\">\n<tbody>\n<tr style=\"height: 29.00pt;\">\n<td class=\"et2\" style=\"height: 29.00pt; width: 538.65pt;\" colspan=\"4\" width=\"1256\" height=\"67\">Panneau de brins orient\u00e9 face \u00e0 la m\u00e9lamine<\/td>\n<\/tr>\n<tr style=\"height: 29.00pt;\">\n<td class=\"et3\" style=\"height: 29.00pt;\" height=\"67\">Mat\u00e9riel<\/td>\n<td class=\"et3\">Fibre de Bois<\/td>\n<td class=\"et3\">Usage<\/td>\n<td class=\"et3\">Int\u00e9rieur<\/td>\n<\/tr>\n<tr style=\"height: 29.00pt;\">\n<td class=\"et4\" style=\"height: 29.00pt;\" height=\"67\">Fonctionnalit\u00e9<\/td>\n<td class=\"et4\">R\u00e9sistant \u00e0 l'humidit\u00e9<\/td>\n<td class=\"et4\">Nom de marque<\/td>\n<td class=\"et4\">DA AO<\/td>\n<\/tr>\n<tr style=\"height: 29.00pt;\">\n<td class=\"et3\" style=\"height: 29.00pt;\" height=\"67\">Lieu d&#039;origine<\/td>\n<td class=\"et3\">Shandong, Chine<\/td>\n<td class=\"et3\">Taille<\/td>\n<td class=\"et3\">1220*2440 MM<\/td>\n<\/tr>\n<tr style=\"height: 29.00pt;\">\n<td class=\"et4\" style=\"height: 29.00pt;\" height=\"67\">Couleur<\/td>\n<td class=\"et4\">Couleur personnalis\u00e9e<\/td>\n<td class=\"et4\">Paquet<\/td>\n<td class=\"et4\">Emballage de palette<\/td>\n<\/tr>\n<tr style=\"height: 29.00pt;\">\n<td class=\"et5\" style=\"height: 29.00pt; width: 104.10pt;\" width=\"242\" height=\"67\">MOQ<\/td>\n<td class=\"et3\">1*20GP<\/td>\n<td class=\"et3\">\u00c9paisseur<\/td>\n<td class=\"et3\">2-25mm<\/td>\n<\/tr>\n<\/tbody>\n<\/table>\n<h2 data-start=\"1457\" data-end=\"1490\">Pourquoi choisir le syst\u00e8me d'exploitation Melamine Board ?<\/h2>\n<p data-start=\"1492\" data-end=\"1909\">Le panneau de m\u00e9lamine OSB offre une alternative rentable aux panneaux traditionnels en bois massif ou en contreplaqu\u00e9, en particulier dans les applications o\u00f9 une finition d\u00e9corative est requise Le noyau OSB donne au panneau une excellente capacit\u00e9 portante, tandis que le rev\u00eatement en m\u00e9lamine am\u00e9liore la durabilit\u00e9 de la surface et l'attrait visuel. Cela le rend id\u00e9al pour les fabricants de meubles et les architectes d'int\u00e9rieur qui recherchent \u00e0 la fois la fonctionnalit\u00e9 et l'esth\u00e9tique.<\/p>\n<p data-start=\"1911\" data-end=\"2262\">De plus, la surface de m\u00e9lamine r\u00e9siste \u00e0 l'usure int\u00e9rieure courante, comme les rayures et les taches, ce qui la rend adapt\u00e9e aux zones \u00e0 fort trafic Avec la possibilit\u00e9 de personnaliser les couleurs et les motifs, Melamine Board OSB peut \u00eatre adapt\u00e9 pour s'adapter \u00e0 diff\u00e9rents styles de conception, du minimaliste au contemporain, assurant un look coh\u00e9rent dans n'importe quel espace int\u00e9rieur.<\/p>\n<\/div>","protected":false},"excerpt":{"rendered":"<p>Nos panneaux OSB en m\u00e9lamine sont cr\u00e9\u00e9s en liant du papier m\u00e9lamine de qualit\u00e9 sup\u00e9rieure au noyau OSB sous une chaleur et une pression extr\u00eames en un seul processus.<\/p>\n<p>Cette technique innovante fusionne l'int\u00e9grit\u00e9 structurelle exceptionnelle d'OSB avec l'esth\u00e9tique polyvalente de la m\u00e9lamine, ce qui en fait un choix de premier ordre pour les meubles verts contemporains et les projets d'int\u00e9rieur.<\/p>","protected":false},"featured_media":175,"comment_status":"open","ping_status":"closed","template":"","meta":[],"product_brand":[],"product_cat":[22],"product_tag":[],"class_list":{"0":"post-174","1":"product","2":"type-product","3":"status-publish","4":"has-post-thumbnail","6":"product_cat-oriented-strand-board-osb","8":"first","9":"instock","10":"shipping-taxable","11":"product-type-simple"},"_links":{"self":[{"href":"https:\/\/daaowoodlndustry.com\/fr\/wp-json\/wp\/v2\/product\/174","targetHints":{"allow":["GET"]}}],"collection":[{"href":"https:\/\/daaowoodlndustry.com\/fr\/wp-json\/wp\/v2\/product"}],"about":[{"href":"https:\/\/daaowoodlndustry.com\/fr\/wp-json\/wp\/v2\/types\/product"}],"replies":[{"embeddable":true,"href":"https:\/\/daaowoodlndustry.com\/fr\/wp-json\/wp\/v2\/comments?post=174"}],"wp:featuredmedia":[{"embeddable":true,"href":"https:\/\/daaowoodlndustry.com\/fr\/wp-json\/wp\/v2\/media\/175"}],"wp:attachment":[{"href":"https:\/\/daaowoodlndustry.com\/fr\/wp-json\/wp\/v2\/media?parent=174"}],"wp:term":[{"taxonomy":"product_brand","embeddable":true,"href":"https:\/\/daaowoodlndustry.com\/fr\/wp-json\/wp\/v2\/product_brand?post=174"},{"taxonomy":"product_cat","embeddable":true,"href":"https:\/\/daaowoodlndustry.com\/fr\/wp-json\/wp\/v2\/product_cat?post=174"},{"taxonomy":"product_tag","embeddable":true,"href":"https:\/\/daaowoodlndustry.com\/fr\/wp-json\/wp\/v2\/product_tag?post=174"}],"curies":[{"name":"wp","href":"https:\/\/api.w.org\/{rel}","templated":true}]}}