{"id":345,"date":"2026-01-09T03:39:57","date_gmt":"2026-01-09T03:39:57","guid":{"rendered":"https:\/\/daaowoodlndustry.com\/?page_id=345"},"modified":"2026-01-22T09:21:30","modified_gmt":"2026-01-22T09:21:30","slug":"refund-policy","status":"publish","type":"page","link":"https:\/\/daaowoodlndustry.com\/fr\/refund-policy\/","title":{"rendered":"Politique de remboursement"},"content":{"rendered":"<div data-elementor-type=\"wp-page\" data-elementor-id=\"345\" class=\"elementor elementor-345\" data-elementor-post-type=\"page\">\n\t\t\t\t<div class=\"elementor-element elementor-element-ca22c98 e-flex e-con-boxed e-con e-parent\" data-id=\"ca22c98\" data-element_type=\"container\" data-e-type=\"container\" data-settings=\"{&quot;background_background&quot;:&quot;classic&quot;}\">\n\t\t\t\t\t<div class=\"e-con-inner\">\n\t\t\t\t<div class=\"elementor-element elementor-element-becf5a7 elementor-widget elementor-widget-heading\" data-id=\"becf5a7\" data-element_type=\"widget\" data-e-type=\"widget\" data-widget_type=\"heading.default\">\n\t\t\t\t\t<h2 class=\"elementor-heading-title elementor-size-default\">Politique de remboursement<\/h2>\t\t\t\t<\/div>\n\t\t\t\t<div class=\"elementor-element elementor-element-f7d1910 elementor-icon-list--layout-inline elementor-list-item-link-full_width elementor-widget elementor-widget-icon-list\" data-id=\"f7d1910\" data-element_type=\"widget\" data-e-type=\"widget\" data-widget_type=\"icon-list.default\">\n\t\t\t\t\t\t\t<ul class=\"elementor-icon-list-items elementor-inline-items\">\n\t\t\t\t\t\t\t<li class=\"elementor-icon-list-item elementor-inline-item\">\n\t\t\t\t\t\t\t\t\t\t\t<a href=\"https:\/\/daaowoodlndustry.com\/fr\/home\/\">\n\n\t\t\t\t\t\t\t\t\t\t\t\t<span class=\"elementor-icon-list-icon\">\n\t\t\t\t\t\t\t<svg aria-hidden=\"true\" class=\"e-font-icon-svg e-fas-home\" viewbox=\"0 0 576 512\" xmlns=\"http:\/\/www.w3.org\/2000\/svg\"><path d=\"M280.37 148.26L96 300.11V464a16 16 0 0 0 16 16l112.06-.29a16 16 0 0 0 15.92-16V368a16 16 0 0 1 16-16h64a16 16 0 0 1 16 16v95.64a16 16 0 0 0 16 16.05L464 480a16 16 0 0 0 16-16V300L295.67 148.26a12.19 12.19 0 0 0-15.3 0zM571.6 251.47L488 182.56V44.05a12 12 0 0 0-12-12h-56a12 12 0 0 0-12 12v72.61L318.47 43a48 48 0 0 0-61 0L4.34 251.47a12 12 0 0 0-1.6 16.9l25.5 31A12 12 0 0 0 45.15 301l235.22-193.74a12.19 12.19 0 0 1 15.3 0L530.9 301a12 12 0 0 0 16.9-1.6l25.5-31a12 12 0 0 0-1.7-16.93z\"><\/path><\/svg>\t\t\t\t\t\t<\/span>\n\t\t\t\t\t\t\t\t\t\t<span class=\"elementor-icon-list-text\">Maison<\/span>\n\t\t\t\t\t\t\t\t\t\t\t<\/a>\n\t\t\t\t\t\t\t\t\t<\/li>\n\t\t\t\t\t\t\t\t<li class=\"elementor-icon-list-item elementor-inline-item\">\n\t\t\t\t\t\t\t\t\t\t\t<span class=\"elementor-icon-list-icon\">\n\t\t\t\t\t\t\t<svg aria-hidden=\"true\" class=\"e-font-icon-svg e-fas-chevron-right\" viewbox=\"0 0 320 512\" xmlns=\"http:\/\/www.w3.org\/2000\/svg\"><path d=\"M285.476 272.971L91.132 467.314c-9.373 9.373-24.569 9.373-33.941 0l-22.667-22.667c-9.357-9.357-9.375-24.522-.04-33.901L188.505 256 34.484 101.255c-9.335-9.379-9.317-24.544.04-33.901l22.667-22.667c9.373-9.373 24.569-9.373 33.941 0L285.475 239.03c9.373 9.372 9.373 24.568.001 33.941z\"><\/path><\/svg>\t\t\t\t\t\t<\/span>\n\t\t\t\t\t\t\t\t\t\t<span class=\"elementor-icon-list-text\">Politique de remboursement<\/span>\n\t\t\t\t\t\t\t\t\t<\/li>\n\t\t\t\t\t\t<\/ul>\n\t\t\t\t\t\t<\/div>\n\t\t\t\t\t<\/div>\n\t\t\t\t<\/div>\n\t\t<div class=\"elementor-element elementor-element-187cb64 e-flex e-con-boxed e-con e-parent\" data-id=\"187cb64\" data-element_type=\"container\" data-e-type=\"container\">\n\t\t\t\t\t<div class=\"e-con-inner\">\n\t\t\t\t<div class=\"elementor-element elementor-element-7e5ea58 elementor-widget elementor-widget-text-editor\" data-id=\"7e5ea58\" data-element_type=\"widget\" data-e-type=\"widget\" data-widget_type=\"text-editor.default\">\n\t\t\t\t\t\t\t\t\t<div class=\"elementor-element elementor-element-af0b8a7 elementor-widget elementor-widget-heading\" data-id=\"af0b8a7\" data-element_type=\"widget\" data-widget_type=\"heading.default\">\u00a0<\/div><div class=\"elementor-element elementor-element-16c55df elementor-widget elementor-widget-text-editor\" data-id=\"16c55df\" data-element_type=\"widget\" data-widget_type=\"text-editor.default\"><p>\u00c0 <strong>Shandong Da ao Wood Industry Co., Ltd.<\/strong>, \u00b4, nous nous effor\u00e7ons de fournir des produits de haute qualite et un excellent service a la client\u00e8le Nous comprenons que parfois un produit peut ne pas r\u00e9pondre a vos attentes Dans un tel event, nous offrons une politique de remboursement qui vous permet de retourner le produit dans un certain laps de temps a compter de la date d'achat.<\/p><p>Veuillez noter que nous ne pouvons faire aucune promesse ou garantie sur le r\u00e9sultat de tout produit que nous offrons Nous nous effor\u00e7ons de fournir des produits de haute qualit\u00e9, mais le succ\u00e8s de tout produit d\u00e9pend de divers facteurs qui \u00e9chappent \u00e0 notre contr\u00f4le Par cons\u00e9quent, nous ne pouvons pas offrir de remboursements en fonction du r\u00e9sultat de tout produit.<\/p><h5>Notre politique de remboursement est la suivante :<\/h5><p>Si vous n'\u00eates pas satisfait du produit, vous pourriez \u00eatre admissible \u00e0 un retour.<\/p><p>Pour initier un retour, veuillez nous contacter \u00e0 <strong><a href=\"mailto:daaomuye@gmail.com\">daaomuye@gmail.com<\/a><\/strong><\/p><p>Le produit doit \u00eatre dans son emballage d'origine et \u00e0 l'\u00e9tat neuf pour pouvoir b\u00e9n\u00e9ficier d'un retour.<\/p><p>Les frais d'exp\u00e9dition et de manutention ne sont pas remboursables.<\/p><p>Une fois que nous aurons re\u00e7u le produit, nous l'\u00e9valuerons et d\u00e9terminerons si un retour est appropri\u00e9.<\/p><p>Veuillez noter que nous nous r\u00e9servons le droit de refuser un retour si le produit ne r\u00e9pond pas \u00e0 nos crit\u00e8res de politique de retour.<\/p><p>Si vous avez des questions ou des pr\u00e9occupations concernant notre politique de remboursement, n'h\u00e9sitez pas \u00e0 nous contacter \u00e0 <strong><a href=\"mailto:daaomuye@gmail.com\">daaomuye@gmail.com<\/a><\/strong><\/p><\/div>\t\t\t\t\t\t\t\t<\/div>\n\t\t\t\t\t<\/div>\n\t\t\t\t<\/div>\n\t\t\t\t<\/div>","protected":false},"excerpt":{"rendered":"<p>Refund Policy Home Refund Policy \u00a0 At Shandong Da ao Wood Industry Co., Ltd., we strive to provide high-quality products and excellent customer service. We understand that sometimes a product may not meet your expectations. In such an event, we offer a refund policy that allows you to return the product within a certain period [&hellip;]<\/p>\n","protected":false},"author":1,"featured_media":0,"parent":0,"menu_order":0,"comment_status":"closed","ping_status":"closed","template":"","meta":{"footnotes":""},"class_list":["post-345","page","type-page","status-publish","hentry"],"_links":{"self":[{"href":"https:\/\/daaowoodlndustry.com\/fr\/wp-json\/wp\/v2\/pages\/345","targetHints":{"allow":["GET"]}}],"collection":[{"href":"https:\/\/daaowoodlndustry.com\/fr\/wp-json\/wp\/v2\/pages"}],"about":[{"href":"https:\/\/daaowoodlndustry.com\/fr\/wp-json\/wp\/v2\/types\/page"}],"author":[{"embeddable":true,"href":"https:\/\/daaowoodlndustry.com\/fr\/wp-json\/wp\/v2\/users\/1"}],"replies":[{"embeddable":true,"href":"https:\/\/daaowoodlndustry.com\/fr\/wp-json\/wp\/v2\/comments?post=345"}],"version-history":[{"count":1,"href":"https:\/\/daaowoodlndustry.com\/fr\/wp-json\/wp\/v2\/pages\/345\/revisions"}],"predecessor-version":[{"id":1233,"href":"https:\/\/daaowoodlndustry.com\/fr\/wp-json\/wp\/v2\/pages\/345\/revisions\/1233"}],"wp:attachment":[{"href":"https:\/\/daaowoodlndustry.com\/fr\/wp-json\/wp\/v2\/media?parent=345"}],"curies":[{"name":"wp","href":"https:\/\/api.w.org\/{rel}","templated":true}]}}