{"id":339,"date":"2026-01-09T03:35:58","date_gmt":"2026-01-09T03:35:58","guid":{"rendered":"https:\/\/daaowoodlndustry.com\/?page_id=339"},"modified":"2026-01-22T09:22:52","modified_gmt":"2026-01-22T09:22:52","slug":"shipping-policy","status":"publish","type":"page","link":"https:\/\/daaowoodlndustry.com\/fr\/shipping-policy\/","title":{"rendered":"Politique d&#039;exp\u00e9dition"},"content":{"rendered":"<div data-elementor-type=\"wp-page\" data-elementor-id=\"339\" class=\"elementor elementor-339\" data-elementor-post-type=\"page\">\n\t\t\t\t<div class=\"elementor-element elementor-element-63a1240 e-flex e-con-boxed e-con e-parent\" data-id=\"63a1240\" data-element_type=\"container\" data-e-type=\"container\" data-settings=\"{&quot;background_background&quot;:&quot;classic&quot;}\">\n\t\t\t\t\t<div class=\"e-con-inner\">\n\t\t\t\t<div class=\"elementor-element elementor-element-edb0b15 elementor-widget elementor-widget-heading\" data-id=\"edb0b15\" data-element_type=\"widget\" data-e-type=\"widget\" data-widget_type=\"heading.default\">\n\t\t\t\t\t<h2 class=\"elementor-heading-title elementor-size-default\">Politique d&#039;exp\u00e9dition<\/h2>\t\t\t\t<\/div>\n\t\t\t\t<div class=\"elementor-element elementor-element-72b845f elementor-icon-list--layout-inline elementor-list-item-link-full_width elementor-widget elementor-widget-icon-list\" data-id=\"72b845f\" data-element_type=\"widget\" data-e-type=\"widget\" data-widget_type=\"icon-list.default\">\n\t\t\t\t\t\t\t<ul class=\"elementor-icon-list-items elementor-inline-items\">\n\t\t\t\t\t\t\t<li class=\"elementor-icon-list-item elementor-inline-item\">\n\t\t\t\t\t\t\t\t\t\t\t<a href=\"https:\/\/daaowoodlndustry.com\/fr\/home\/\">\n\n\t\t\t\t\t\t\t\t\t\t\t\t<span class=\"elementor-icon-list-icon\">\n\t\t\t\t\t\t\t<svg aria-hidden=\"true\" class=\"e-font-icon-svg e-fas-home\" viewbox=\"0 0 576 512\" xmlns=\"http:\/\/www.w3.org\/2000\/svg\"><path d=\"M280.37 148.26L96 300.11V464a16 16 0 0 0 16 16l112.06-.29a16 16 0 0 0 15.92-16V368a16 16 0 0 1 16-16h64a16 16 0 0 1 16 16v95.64a16 16 0 0 0 16 16.05L464 480a16 16 0 0 0 16-16V300L295.67 148.26a12.19 12.19 0 0 0-15.3 0zM571.6 251.47L488 182.56V44.05a12 12 0 0 0-12-12h-56a12 12 0 0 0-12 12v72.61L318.47 43a48 48 0 0 0-61 0L4.34 251.47a12 12 0 0 0-1.6 16.9l25.5 31A12 12 0 0 0 45.15 301l235.22-193.74a12.19 12.19 0 0 1 15.3 0L530.9 301a12 12 0 0 0 16.9-1.6l25.5-31a12 12 0 0 0-1.7-16.93z\"><\/path><\/svg>\t\t\t\t\t\t<\/span>\n\t\t\t\t\t\t\t\t\t\t<span class=\"elementor-icon-list-text\">Maison<\/span>\n\t\t\t\t\t\t\t\t\t\t\t<\/a>\n\t\t\t\t\t\t\t\t\t<\/li>\n\t\t\t\t\t\t\t\t<li class=\"elementor-icon-list-item elementor-inline-item\">\n\t\t\t\t\t\t\t\t\t\t\t<span class=\"elementor-icon-list-icon\">\n\t\t\t\t\t\t\t<svg aria-hidden=\"true\" class=\"e-font-icon-svg e-fas-chevron-right\" viewbox=\"0 0 320 512\" xmlns=\"http:\/\/www.w3.org\/2000\/svg\"><path d=\"M285.476 272.971L91.132 467.314c-9.373 9.373-24.569 9.373-33.941 0l-22.667-22.667c-9.357-9.357-9.375-24.522-.04-33.901L188.505 256 34.484 101.255c-9.335-9.379-9.317-24.544.04-33.901l22.667-22.667c9.373-9.373 24.569-9.373 33.941 0L285.475 239.03c9.373 9.372 9.373 24.568.001 33.941z\"><\/path><\/svg>\t\t\t\t\t\t<\/span>\n\t\t\t\t\t\t\t\t\t\t<span class=\"elementor-icon-list-text\">Politique d&#039;exp\u00e9dition<\/span>\n\t\t\t\t\t\t\t\t\t<\/li>\n\t\t\t\t\t\t<\/ul>\n\t\t\t\t\t\t<\/div>\n\t\t\t\t\t<\/div>\n\t\t\t\t<\/div>\n\t\t<div class=\"elementor-element elementor-element-d3c2f0b e-flex e-con-boxed e-con e-parent\" data-id=\"d3c2f0b\" data-element_type=\"container\" data-e-type=\"container\">\n\t\t\t\t\t<div class=\"e-con-inner\">\n\t\t\t\t<div class=\"elementor-element elementor-element-bb87719 elementor-widget elementor-widget-text-editor\" data-id=\"bb87719\" data-element_type=\"widget\" data-e-type=\"widget\" data-widget_type=\"text-editor.default\">\n\t\t\t\t\t\t\t\t\t<p>\u00c0 <strong>Shandong Da ao Wood Industry Co., Ltd.<\/strong>nous nous effor\u00e7ons de fournir une livraison rapide et efficace de nos produits \u00e0 nos clients Nous exp\u00e9dions nos produits aux clients tant au niveau national qu'international.<\/p><h5>Exp\u00e9dition int\u00e9rieure :<\/h5><p>Nous exp\u00e9dions nos produits en Chine continentale via divers transporteurs maritimes, en fonction du produit et de la localisation du client.<\/p><p>Les frais d'exp\u00e9dition int\u00e9rieure peuvent varier en fonction du poids et de la taille du produit, ainsi que de la destination d'exp\u00e9dition.<\/p><p>Le d\u00e9lai de livraison estim\u00e9 pour les exp\u00e9ditions nationales est g\u00e9n\u00e9ralement de 3 \u00e0 7 jours ouvrables, selon le transporteur maritime et la destination d'exp\u00e9dition.<\/p><h5>Exp\u00e9dition internationale :<\/h5><p>Nous exp\u00e9dions nos produits \u00e0 des clients internationaux via divers transporteurs maritimes, en fonction du produit et de la localisation du client.<\/p><p>Les frais d'exp\u00e9dition internationale peuvent varier en fonction du poids et de la taille du produit, ainsi que de la destination d'exp\u00e9dition.<\/p><p>Le d\u00e9lai de livraison estim\u00e9 pour les exp\u00e9ditions internationales varie selon le transporteur maritime et la destination de livraison Les d\u00e9lais de livraison peuvent \u00eatre affect\u00e9s par les douanes et d'autres facteurs hors de notre contr\u00f4le.<\/p><p>Veuillez noter que nous ne sommes pas responsables des droits de douane, taxes ou frais qui pourraient \u00eatre impos\u00e9s par le pays de destination Le client est responsable de ces frais.<\/p><p>Si vous avez des questions ou des pr\u00e9occupations concernant l'exp\u00e9dition, n'h\u00e9sitez pas \u00e0 nous contacter \u00e0 <a href=\"mailto:daaomuye@gmail.com\">daaomuye@gmail.com<\/a><\/p>\t\t\t\t\t\t\t\t<\/div>\n\t\t\t\t\t<\/div>\n\t\t\t\t<\/div>\n\t\t\t\t<\/div>","protected":false},"excerpt":{"rendered":"<p>Shipping Policy Home Shipping Policy At Shandong Da ao Wood Industry Co., Ltd.we strive to provide timely and efficient delivery of our products to our customers. We ship our products to customers both domestically and internationally. Domestic Shipping: We ship our products within mainland China via various shipping carriers, depending on the product and the [&hellip;]<\/p>\n","protected":false},"author":1,"featured_media":0,"parent":0,"menu_order":0,"comment_status":"closed","ping_status":"closed","template":"","meta":{"footnotes":""},"class_list":["post-339","page","type-page","status-publish","hentry"],"_links":{"self":[{"href":"https:\/\/daaowoodlndustry.com\/fr\/wp-json\/wp\/v2\/pages\/339","targetHints":{"allow":["GET"]}}],"collection":[{"href":"https:\/\/daaowoodlndustry.com\/fr\/wp-json\/wp\/v2\/pages"}],"about":[{"href":"https:\/\/daaowoodlndustry.com\/fr\/wp-json\/wp\/v2\/types\/page"}],"author":[{"embeddable":true,"href":"https:\/\/daaowoodlndustry.com\/fr\/wp-json\/wp\/v2\/users\/1"}],"replies":[{"embeddable":true,"href":"https:\/\/daaowoodlndustry.com\/fr\/wp-json\/wp\/v2\/comments?post=339"}],"version-history":[{"count":1,"href":"https:\/\/daaowoodlndustry.com\/fr\/wp-json\/wp\/v2\/pages\/339\/revisions"}],"predecessor-version":[{"id":1235,"href":"https:\/\/daaowoodlndustry.com\/fr\/wp-json\/wp\/v2\/pages\/339\/revisions\/1235"}],"wp:attachment":[{"href":"https:\/\/daaowoodlndustry.com\/fr\/wp-json\/wp\/v2\/media?parent=339"}],"curies":[{"name":"wp","href":"https:\/\/api.w.org\/{rel}","templated":true}]}}